{"id":14703,"date":"2015-03-24T08:39:39","date_gmt":"2015-03-24T08:39:39","guid":{"rendered":"http:\/\/atelier.swiftideas.com\/convoy-demo\/?post_type=product&#038;p=14703"},"modified":"2025-07-25T15:28:47","modified_gmt":"2025-07-25T15:28:47","slug":"dune","status":"publish","type":"product","link":"https:\/\/camimade.com\/fr\/boutique\/dune\/","title":{"rendered":"Patron de d\u00e9bardeur &#038; robe \u00e0 bretelles &#8211; DUNE"},"content":{"rendered":"<h2>Ce que vous achetez<\/h2>\n<p>Le patron est au format PDF et inclut :<\/p>\n<ul>\n<li>le patron en A4 (15 pages) ;<\/li>\n<li>le patron en A0 (1 page) ;<\/li>\n<li>le guide d&#8217;instructions pas\u00a0\u00e0 pas avec des illustrations d\u00e9taill\u00e9es et peintes \u00e0 la main (8 pages).<\/li>\n<\/ul>\n<p>Les PDF permettent de s\u00e9lectionner la ou les tailles souhait\u00e9es pour l&#8217;impression, gr\u00e2ce \u00e0 l&#8217;option &#8220;calque&#8221; d&#8217;Adobe Acrobat Reader.<\/p>\n<h2>Niveau : d\u00e9butant<\/h2>\n<p>Dune est un patron niveau d\u00e9butant. Il a deux pinces poitrine et propose deux options pour finir l\u2019encolure (avec parementure ou avec biais) ainsi que deux options pour finir les coutures des c\u00f4t\u00e9s (y compris une couture anglaise).<\/p>\n<h2>Tableau des mesures (cm)<\/h2>\n<p><img loading=\"lazy\" decoding=\"async\" class=\"alignnone wp-image-20561\" src=\"https:\/\/camimade.com\/fr\/wp-content\/uploads\/sites\/2\/2015\/03\/Mesures-A-H-480x92.png\" alt=\"\" width=\"630\" height=\"120\" srcset=\"https:\/\/camimade.com\/fr\/wp-content\/uploads\/sites\/2\/2015\/03\/Mesures-A-H-480x92.png 480w, https:\/\/camimade.com\/fr\/wp-content\/uploads\/sites\/2\/2015\/03\/Mesures-A-H-722x138.png 722w, https:\/\/camimade.com\/fr\/wp-content\/uploads\/sites\/2\/2015\/03\/Mesures-A-H-768x147.png 768w, https:\/\/camimade.com\/fr\/wp-content\/uploads\/sites\/2\/2015\/03\/Mesures-A-H-1536x293.png 1536w, https:\/\/camimade.com\/fr\/wp-content\/uploads\/sites\/2\/2015\/03\/Mesures-A-H-1280x244.png 1280w, https:\/\/camimade.com\/fr\/wp-content\/uploads\/sites\/2\/2015\/03\/Mesures-A-H-1000x191.png 1000w, https:\/\/camimade.com\/fr\/wp-content\/uploads\/sites\/2\/2015\/03\/Mesures-A-H-600x115.png 600w, https:\/\/camimade.com\/fr\/wp-content\/uploads\/sites\/2\/2015\/03\/Mesures-A-H-200x38.png 200w, https:\/\/camimade.com\/fr\/wp-content\/uploads\/sites\/2\/2015\/03\/Mesures-A-H.png 1859w\" sizes=\"auto, (max-width: 630px) 100vw, 630px\" \/><\/p>\n<p><img loading=\"lazy\" decoding=\"async\" class=\"alignnone wp-image-20563\" src=\"https:\/\/camimade.com\/fr\/wp-content\/uploads\/sites\/2\/2015\/03\/Mesures-F-M-480x92.png\" alt=\"\" width=\"630\" height=\"120\" srcset=\"https:\/\/camimade.com\/fr\/wp-content\/uploads\/sites\/2\/2015\/03\/Mesures-F-M-480x92.png 480w, https:\/\/camimade.com\/fr\/wp-content\/uploads\/sites\/2\/2015\/03\/Mesures-F-M-722x138.png 722w, https:\/\/camimade.com\/fr\/wp-content\/uploads\/sites\/2\/2015\/03\/Mesures-F-M-768x147.png 768w, https:\/\/camimade.com\/fr\/wp-content\/uploads\/sites\/2\/2015\/03\/Mesures-F-M-1536x293.png 1536w, https:\/\/camimade.com\/fr\/wp-content\/uploads\/sites\/2\/2015\/03\/Mesures-F-M-1280x244.png 1280w, https:\/\/camimade.com\/fr\/wp-content\/uploads\/sites\/2\/2015\/03\/Mesures-F-M-1000x191.png 1000w, https:\/\/camimade.com\/fr\/wp-content\/uploads\/sites\/2\/2015\/03\/Mesures-F-M-600x115.png 600w, https:\/\/camimade.com\/fr\/wp-content\/uploads\/sites\/2\/2015\/03\/Mesures-F-M-200x38.png 200w, https:\/\/camimade.com\/fr\/wp-content\/uploads\/sites\/2\/2015\/03\/Mesures-F-M.png 1859w\" sizes=\"auto, (max-width: 630px) 100vw, 630px\" \/><\/p>\n<p>Stature : 1,65m<\/p>\n<h2>Mesures du v\u00eatement fini (cm)<\/h2>\n<p><img loading=\"lazy\" decoding=\"async\" class=\"alignnone wp-image-20562\" src=\"https:\/\/camimade.com\/fr\/wp-content\/uploads\/sites\/2\/2015\/03\/Mesures-finies-A-H-480x130.png\" alt=\"\" width=\"630\" height=\"170\" srcset=\"https:\/\/camimade.com\/fr\/wp-content\/uploads\/sites\/2\/2015\/03\/Mesures-finies-A-H-480x130.png 480w, https:\/\/camimade.com\/fr\/wp-content\/uploads\/sites\/2\/2015\/03\/Mesures-finies-A-H-722x195.png 722w, https:\/\/camimade.com\/fr\/wp-content\/uploads\/sites\/2\/2015\/03\/Mesures-finies-A-H-768x207.png 768w, https:\/\/camimade.com\/fr\/wp-content\/uploads\/sites\/2\/2015\/03\/Mesures-finies-A-H-1536x415.png 1536w, https:\/\/camimade.com\/fr\/wp-content\/uploads\/sites\/2\/2015\/03\/Mesures-finies-A-H-1280x346.png 1280w, https:\/\/camimade.com\/fr\/wp-content\/uploads\/sites\/2\/2015\/03\/Mesures-finies-A-H-1000x270.png 1000w, https:\/\/camimade.com\/fr\/wp-content\/uploads\/sites\/2\/2015\/03\/Mesures-finies-A-H-600x162.png 600w, https:\/\/camimade.com\/fr\/wp-content\/uploads\/sites\/2\/2015\/03\/Mesures-finies-A-H-200x54.png 200w, https:\/\/camimade.com\/fr\/wp-content\/uploads\/sites\/2\/2015\/03\/Mesures-finies-A-H.png 1859w\" sizes=\"auto, (max-width: 630px) 100vw, 630px\" \/><\/p>\n<p><img loading=\"lazy\" decoding=\"async\" class=\"alignnone wp-image-20565\" src=\"https:\/\/camimade.com\/fr\/wp-content\/uploads\/sites\/2\/2015\/03\/Vetement-fini-F-M-480x130.png\" alt=\"\" width=\"630\" height=\"170\" srcset=\"https:\/\/camimade.com\/fr\/wp-content\/uploads\/sites\/2\/2015\/03\/Vetement-fini-F-M-480x130.png 480w, https:\/\/camimade.com\/fr\/wp-content\/uploads\/sites\/2\/2015\/03\/Vetement-fini-F-M-722x195.png 722w, https:\/\/camimade.com\/fr\/wp-content\/uploads\/sites\/2\/2015\/03\/Vetement-fini-F-M-768x207.png 768w, https:\/\/camimade.com\/fr\/wp-content\/uploads\/sites\/2\/2015\/03\/Vetement-fini-F-M-1536x415.png 1536w, https:\/\/camimade.com\/fr\/wp-content\/uploads\/sites\/2\/2015\/03\/Vetement-fini-F-M-1280x346.png 1280w, https:\/\/camimade.com\/fr\/wp-content\/uploads\/sites\/2\/2015\/03\/Vetement-fini-F-M-1000x270.png 1000w, https:\/\/camimade.com\/fr\/wp-content\/uploads\/sites\/2\/2015\/03\/Vetement-fini-F-M-600x162.png 600w, https:\/\/camimade.com\/fr\/wp-content\/uploads\/sites\/2\/2015\/03\/Vetement-fini-F-M-200x54.png 200w, https:\/\/camimade.com\/fr\/wp-content\/uploads\/sites\/2\/2015\/03\/Vetement-fini-F-M.png 1859w\" sizes=\"auto, (max-width: 630px) 100vw, 630px\" \/><\/p>\n<p>Longueur du d\u00e9collet\u00e9 \u00e0 l&#8217;ourlet : 43cm pour le d\u00e9bardeur, 71cm pour la robe.<\/p>\n<h2>Mes mensurations<\/h2>\n<p>84 &#8211; 68 &#8211; 92, \u00a01,58cm. Je porte la taille B.<\/p>\n<h2>Tissu n\u00e9cessaire (m)<\/h2>\n<p><img loading=\"lazy\" decoding=\"async\" class=\"alignnone wp-image-20566\" src=\"https:\/\/camimade.com\/fr\/wp-content\/uploads\/sites\/2\/2015\/03\/Metrages-A-H-Dune-480x102.png\" alt=\"\" width=\"630\" height=\"133\" srcset=\"https:\/\/camimade.com\/fr\/wp-content\/uploads\/sites\/2\/2015\/03\/Metrages-A-H-Dune-480x102.png 480w, https:\/\/camimade.com\/fr\/wp-content\/uploads\/sites\/2\/2015\/03\/Metrages-A-H-Dune-722x153.png 722w, https:\/\/camimade.com\/fr\/wp-content\/uploads\/sites\/2\/2015\/03\/Metrages-A-H-Dune-768x162.png 768w, https:\/\/camimade.com\/fr\/wp-content\/uploads\/sites\/2\/2015\/03\/Metrages-A-H-Dune-1536x325.png 1536w, https:\/\/camimade.com\/fr\/wp-content\/uploads\/sites\/2\/2015\/03\/Metrages-A-H-Dune-1280x271.png 1280w, https:\/\/camimade.com\/fr\/wp-content\/uploads\/sites\/2\/2015\/03\/Metrages-A-H-Dune-1000x212.png 1000w, https:\/\/camimade.com\/fr\/wp-content\/uploads\/sites\/2\/2015\/03\/Metrages-A-H-Dune-600x127.png 600w, https:\/\/camimade.com\/fr\/wp-content\/uploads\/sites\/2\/2015\/03\/Metrages-A-H-Dune-200x42.png 200w, https:\/\/camimade.com\/fr\/wp-content\/uploads\/sites\/2\/2015\/03\/Metrages-A-H-Dune.png 1957w\" sizes=\"auto, (max-width: 630px) 100vw, 630px\" \/><\/p>\n<p><img loading=\"lazy\" decoding=\"async\" class=\"alignnone wp-image-20564\" src=\"https:\/\/camimade.com\/fr\/wp-content\/uploads\/sites\/2\/2015\/03\/Metrages-F-M-480x102.png\" alt=\"\" width=\"630\" height=\"133\" srcset=\"https:\/\/camimade.com\/fr\/wp-content\/uploads\/sites\/2\/2015\/03\/Metrages-F-M-480x102.png 480w, https:\/\/camimade.com\/fr\/wp-content\/uploads\/sites\/2\/2015\/03\/Metrages-F-M-722x153.png 722w, https:\/\/camimade.com\/fr\/wp-content\/uploads\/sites\/2\/2015\/03\/Metrages-F-M-768x162.png 768w, https:\/\/camimade.com\/fr\/wp-content\/uploads\/sites\/2\/2015\/03\/Metrages-F-M-1536x325.png 1536w, https:\/\/camimade.com\/fr\/wp-content\/uploads\/sites\/2\/2015\/03\/Metrages-F-M-1280x271.png 1280w, https:\/\/camimade.com\/fr\/wp-content\/uploads\/sites\/2\/2015\/03\/Metrages-F-M-1000x212.png 1000w, https:\/\/camimade.com\/fr\/wp-content\/uploads\/sites\/2\/2015\/03\/Metrages-F-M-600x127.png 600w, https:\/\/camimade.com\/fr\/wp-content\/uploads\/sites\/2\/2015\/03\/Metrages-F-M-200x42.png 200w, https:\/\/camimade.com\/fr\/wp-content\/uploads\/sites\/2\/2015\/03\/Metrages-F-M.png 1957w\" sizes=\"auto, (max-width: 630px) 100vw, 630px\" \/><\/p>\n<h2>Tissus conseill\u00e9s<\/h2>\n<p>Tissus cha\u00eene &amp; trame l\u00e9gers et fluides tels que\u00a0: linon de coton, lin, cr\u00eape de chine.<\/p>\n<p>Les mod\u00e8les pr\u00e9sent\u00e9s en photo ont \u00e9t\u00e9 r\u00e9alis\u00e9s en cr\u00eape (polyester) et coton (tissu \u00e0 pois).<\/p>\n<h2>Fournitures<\/h2>\n<p>Pour coudre ce v\u00eatement, il vous faudra :<\/p>\n<ul>\n<li>De l\u2019entoilage plus l\u00e9ger que le tissu choisi, pour la parementure (environ 30 cm x 70 cm).<\/li>\n<li>Ou du biais si vous souhaitez finir l\u2019encolure avec du biais \u00e0 la place de la parementure (vous pouvez aussi cr\u00e9er votre propre biais avec votre tissu principal).<\/li>\n<\/ul>\n<h2>Ressources<\/h2>\n<p><span style=\"text-decoration: underline;\"><strong><a href=\"https:\/\/camimade.com\/fr\/un-patron-de-debardeur-simple-et-facile-a-coudre\/\">&gt;&gt; Conseils et inspiration pour coudre le patron Dune<\/a><\/strong><\/span><\/p>\n<p><span style=\"text-decoration: underline;\"><strong><a href=\"https:\/\/camimade.com\/fr\/un-hack-pour-le-debardeur-dune\/\">&gt;&gt; Un &#8220;hack&#8221; simple de Dune<\/a><\/strong><\/span><\/p>\n","protected":false},"excerpt":{"rendered":"<p>Dune est un patron de d\u00e9bardeur et de robe \u00e0 bretelles. Sa taille est ample ce qui le rend confortable en toutes circonstances. Son style est r\u00e9solument simple et \u00e9l\u00e9gant tout en \u00e9tant d\u00e9contract\u00e9 et casual. C\u2019est un v\u00eatement tr\u00e8s modulable : il peut \u00eatre port\u00e9 seul pendant les journ\u00e9es chaudes et apporter une touche chic \u00e0 votre look; il peut \u00e9galement \u00eatre port\u00e9 comme une seconde peau pendant les journ\u00e9es plus froides sous d\u2019autres v\u00eatements. C\u2019est un v\u00e9ritable classique \u00e0 avoir en plusieurs exemplaires dans sa garde robe.<\/p>\n","protected":false},"featured_media":19267,"comment_status":"open","ping_status":"closed","template":"","meta":[],"product_brand":[],"product_cat":[63],"product_tag":[],"class_list":{"0":"post-14703","1":"product","2":"type-product","3":"status-publish","4":"has-post-thumbnail","6":"product_cat-patron-pdf","7":"pa_collections-collection-desert","8":"pa_format-de-patron-patron-pdf","9":"pa_type-de-patron-robes","10":"pa_type-de-patron-tops","12":"first","13":"instock","14":"sold-individually","15":"purchasable","16":"product-type-variable"},"_links":{"self":[{"href":"https:\/\/camimade.com\/fr\/wp-json\/wp\/v2\/product\/14703","targetHints":{"allow":["GET"]}}],"collection":[{"href":"https:\/\/camimade.com\/fr\/wp-json\/wp\/v2\/product"}],"about":[{"href":"https:\/\/camimade.com\/fr\/wp-json\/wp\/v2\/types\/product"}],"replies":[{"embeddable":true,"href":"https:\/\/camimade.com\/fr\/wp-json\/wp\/v2\/comments?post=14703"}],"wp:featuredmedia":[{"embeddable":true,"href":"https:\/\/camimade.com\/fr\/wp-json\/wp\/v2\/media\/19267"}],"wp:attachment":[{"href":"https:\/\/camimade.com\/fr\/wp-json\/wp\/v2\/media?parent=14703"}],"wp:term":[{"taxonomy":"product_brand","embeddable":true,"href":"https:\/\/camimade.com\/fr\/wp-json\/wp\/v2\/product_brand?post=14703"},{"taxonomy":"product_cat","embeddable":true,"href":"https:\/\/camimade.com\/fr\/wp-json\/wp\/v2\/product_cat?post=14703"},{"taxonomy":"product_tag","embeddable":true,"href":"https:\/\/camimade.com\/fr\/wp-json\/wp\/v2\/product_tag?post=14703"}],"curies":[{"name":"wp","href":"https:\/\/api.w.org\/{rel}","templated":true}]}}