{"id":15081,"date":"2019-04-09T09:54:52","date_gmt":"2019-04-09T09:54:52","guid":{"rendered":"https:\/\/camimade.com\/fr\/?post_type=product&#038;p=15081"},"modified":"2025-01-17T20:13:37","modified_gmt":"2025-01-17T20:13:37","slug":"patron-pantalon-mirage","status":"publish","type":"product","link":"https:\/\/camimade.com\/fr\/boutique\/patron-pantalon-mirage\/","title":{"rendered":"Patron de pantalon &#038; jupe culotte &#8211; MIRAGE"},"content":{"rendered":"<h2>Ce que vous achetez<\/h2>\n<p>Le patron est au format PDF et inclut :<\/p>\n<ul>\n<li>le patron en A4 (18 pages) ;<\/li>\n<li>le patron en A0 (1 page) ;<\/li>\n<li>le guide d&#8217;instructions pas\u00a0\u00e0 pas avec des illustrations d\u00e9taill\u00e9es et peintes \u00e0 la main (7 pages).<\/li>\n<\/ul>\n<p>Les PDF permettent de s\u00e9lectionner la ou les tailles souhait\u00e9es pour l&#8217;impression, gr\u00e2ce \u00e0 l&#8217;option &#8220;calque&#8221; d&#8217;Adobe Acrobat Reader.<\/p>\n<h2>Niveau : d\u00e9butant<\/h2>\n<p>Mirage est un patron pour les d\u00e9butants. Il y a deux pinces devant et\u00a0derri\u00e8re, une couture unique et une ceinture avec des attaches \u00e0 nouer.<\/p>\n<h2>Tableau des mesures (cm)<\/h2>\n<p><img loading=\"lazy\" decoding=\"async\" class=\"alignnone wp-image-18162\" src=\"https:\/\/camimade.com\/fr\/wp-content\/uploads\/sites\/2\/2015\/03\/Tableau-des-mesures-Mirage-480x68.png\" alt=\"\" width=\"630\" height=\"90\" srcset=\"https:\/\/camimade.com\/fr\/wp-content\/uploads\/sites\/2\/2015\/03\/Tableau-des-mesures-Mirage-480x68.png 480w, https:\/\/camimade.com\/fr\/wp-content\/uploads\/sites\/2\/2015\/03\/Tableau-des-mesures-Mirage-768x109.png 768w, https:\/\/camimade.com\/fr\/wp-content\/uploads\/sites\/2\/2015\/03\/Tableau-des-mesures-Mirage-722x103.png 722w, https:\/\/camimade.com\/fr\/wp-content\/uploads\/sites\/2\/2015\/03\/Tableau-des-mesures-Mirage-1280x182.png 1280w, https:\/\/camimade.com\/fr\/wp-content\/uploads\/sites\/2\/2015\/03\/Tableau-des-mesures-Mirage-1000x142.png 1000w, https:\/\/camimade.com\/fr\/wp-content\/uploads\/sites\/2\/2015\/03\/Tableau-des-mesures-Mirage-600x85.png 600w, https:\/\/camimade.com\/fr\/wp-content\/uploads\/sites\/2\/2015\/03\/Tableau-des-mesures-Mirage-200x28.png 200w, https:\/\/camimade.com\/fr\/wp-content\/uploads\/sites\/2\/2015\/03\/Tableau-des-mesures-Mirage.png 1780w\" sizes=\"auto, (max-width: 630px) 100vw, 630px\" \/><\/p>\n<p>Stature : 1,65m<\/p>\n<h2>Mesures du v\u00eatement fini (cm)<\/h2>\n<p><img loading=\"lazy\" decoding=\"async\" class=\"alignnone wp-image-18161\" src=\"https:\/\/camimade.com\/fr\/wp-content\/uploads\/sites\/2\/2015\/03\/Mesures-du-v\u00eatement-fini-Mirage-480x128.png\" alt=\"\" width=\"630\" height=\"168\" srcset=\"https:\/\/camimade.com\/fr\/wp-content\/uploads\/sites\/2\/2015\/03\/Mesures-du-v\u00eatement-fini-Mirage-480x128.png 480w, https:\/\/camimade.com\/fr\/wp-content\/uploads\/sites\/2\/2015\/03\/Mesures-du-v\u00eatement-fini-Mirage-768x205.png 768w, https:\/\/camimade.com\/fr\/wp-content\/uploads\/sites\/2\/2015\/03\/Mesures-du-v\u00eatement-fini-Mirage-722x193.png 722w, https:\/\/camimade.com\/fr\/wp-content\/uploads\/sites\/2\/2015\/03\/Mesures-du-v\u00eatement-fini-Mirage-1280x342.png 1280w, https:\/\/camimade.com\/fr\/wp-content\/uploads\/sites\/2\/2015\/03\/Mesures-du-v\u00eatement-fini-Mirage-1000x267.png 1000w, https:\/\/camimade.com\/fr\/wp-content\/uploads\/sites\/2\/2015\/03\/Mesures-du-v\u00eatement-fini-Mirage-600x160.png 600w, https:\/\/camimade.com\/fr\/wp-content\/uploads\/sites\/2\/2015\/03\/Mesures-du-v\u00eatement-fini-Mirage-200x53.png 200w, https:\/\/camimade.com\/fr\/wp-content\/uploads\/sites\/2\/2015\/03\/Mesures-du-v\u00eatement-fini-Mirage.png 1781w\" sizes=\"auto, (max-width: 630px) 100vw, 630px\" \/><\/p>\n<p>* Le pantalon portefeuille se compose de deux panneaux et s&#8217;attache avec deux ceintures.<br \/>\n** Longueur entre la ceinture et l&#8217;ourlet<\/p>\n<h2>Mes mensurations<\/h2>\n<p>Tour de taille 68cm &#8211; tour de hanches 92cm &#8211; stature 1,58cm. Je porte la taille B.<\/p>\n<h2>Tissu n\u00e9cessaire (m)<\/h2>\n<p>Version #1, jupe culotte :<\/p>\n<ul>\n<li>&#8211; en 150cm de large : 2,20m (tailles A &#8211; B), ou 2,30m (C &#8211; E), ou 2,40m (F -H)<\/li>\n<li>&#8211; ou en 115cm de large: 2,50m (A &#8211; C), ou 2,60m (D &#8211; E)<\/li>\n<\/ul>\n<p>Version #2, pantalon :<\/p>\n<ul>\n<li>&#8211; en 150cm de large : 2,60m (A &#8211; B), ou 2,70m (C &#8211; G), ou 2,80m (H)<\/li>\n<li>&#8211; ou en 115cm de large : 2,90m (A &#8211; B), ou 3m (C &#8211; E)<\/li>\n<\/ul>\n<h2>Tissus conseill\u00e9s<\/h2>\n<p>Tissus peu \u00e0 moyennement \u00e9pais tels que\u00a0: coton, lin, viscose, ou cr\u00eape.<\/p>\n<p>Les mod\u00e8les pr\u00e9sent\u00e9s en photo ont \u00e9t\u00e9 r\u00e9alis\u00e9s en lin.<\/p>\n<h2>Fournitures<\/h2>\n<p>Entoilage plus l\u00e9ger que le tissu choisi pour la ceinture (environ 1m x 10cm).<\/p>\n<h2>Ressources<\/h2>\n<p><a href=\"https:\/\/camimade.com\/fr\/patron-de-pantalon-simple-et-confortable\/\"><strong><span style=\"text-decoration: underline;\">&gt;&gt; Conseils et inspiration pour coudre le patron Mirage<\/span><\/strong><\/a><\/p>\n","protected":false},"excerpt":{"rendered":"<p>Mirage est un patron de pantalon portefeuille. Il s\u2019attache devant et derri\u00e8re, et peut pr\u00e9senter deux styles diff\u00e9rents en fonction de quel c\u00f4t\u00e9 est attach\u00e9 en premier. Jusqu\u2019aux chevilles pour une version jupe culotte ou plus long pour porter avec des talons, ce pantalon est d\u00e9contract\u00e9 mais tr\u00e8s chic. Les jambes larges apportent une libert\u00e9 de mouvement et beaucoup de confort. Quoique couvrant, le syst\u00e8me de portefeuille permet \u00e0 l\u2019air de circuler ce qui en fait un pantalon id\u00e9al pour les journ\u00e9es chaudes.<\/p>\n","protected":false},"featured_media":18112,"comment_status":"closed","ping_status":"closed","template":"","meta":[],"product_brand":[],"product_cat":[63],"product_tag":[],"class_list":{"0":"post-15081","1":"product","2":"type-product","3":"status-publish","4":"has-post-thumbnail","6":"product_cat-patron-pdf","7":"pa_collections-collection-desert","8":"pa_format-de-patron-patron-pdf","9":"pa_type-de-patron-pantalons","11":"first","12":"instock","13":"downloadable","14":"virtual","15":"purchasable","16":"product-type-simple"},"_links":{"self":[{"href":"https:\/\/camimade.com\/fr\/wp-json\/wp\/v2\/product\/15081","targetHints":{"allow":["GET"]}}],"collection":[{"href":"https:\/\/camimade.com\/fr\/wp-json\/wp\/v2\/product"}],"about":[{"href":"https:\/\/camimade.com\/fr\/wp-json\/wp\/v2\/types\/product"}],"replies":[{"embeddable":true,"href":"https:\/\/camimade.com\/fr\/wp-json\/wp\/v2\/comments?post=15081"}],"wp:featuredmedia":[{"embeddable":true,"href":"https:\/\/camimade.com\/fr\/wp-json\/wp\/v2\/media\/18112"}],"wp:attachment":[{"href":"https:\/\/camimade.com\/fr\/wp-json\/wp\/v2\/media?parent=15081"}],"wp:term":[{"taxonomy":"product_brand","embeddable":true,"href":"https:\/\/camimade.com\/fr\/wp-json\/wp\/v2\/product_brand?post=15081"},{"taxonomy":"product_cat","embeddable":true,"href":"https:\/\/camimade.com\/fr\/wp-json\/wp\/v2\/product_cat?post=15081"},{"taxonomy":"product_tag","embeddable":true,"href":"https:\/\/camimade.com\/fr\/wp-json\/wp\/v2\/product_tag?post=15081"}],"curies":[{"name":"wp","href":"https:\/\/api.w.org\/{rel}","templated":true}]}}