{"id":15748,"date":"2019-08-30T10:21:26","date_gmt":"2019-08-30T10:21:26","guid":{"rendered":"https:\/\/camimade.com\/fr\/?post_type=product&#038;p=15748"},"modified":"2024-03-18T12:28:10","modified_gmt":"2024-03-18T12:28:10","slug":"patron-pantalon-corsaire-ecorce","status":"publish","type":"product","link":"https:\/\/camimade.com\/fr\/boutique\/patron-pantalon-corsaire-ecorce\/","title":{"rendered":"Patron de pantalon &#038; corsaire &#8211; \u00c9CORCE"},"content":{"rendered":"<h2>Ce que vous achetez<\/h2>\n<p>Le patron de pantalon \u00c9corce est au format PDF et inclut :<\/p>\n<ul>\n<li>&#8211; le patron en A4 (25 pages) ;<\/li>\n<li>&#8211; le patron en A0 (2 pages) ;<\/li>\n<li>&#8211; le guide d&#8217;instructions pas\u00a0\u00e0 pas avec des illustrations d\u00e9taill\u00e9es et peintes \u00e0 la main (12 pages).<\/li>\n<\/ul>\n<p>Les PDF permettent de s\u00e9lectionner la ou les tailles souhait\u00e9es pour l&#8217;impression, gr\u00e2ce \u00e0 l&#8217;option &#8220;calque&#8221; d&#8217;Adobe Acrobat Reader.<\/p>\n<h2>Niveau : interm\u00e9diaire<\/h2>\n<p>\u00c9corce est d&#8217;un niveau interm\u00e9diaire et comprend le montage d\u2019une braguette et d\u2019une ceinture. En option pour les plus t\u00e9m\u00e9raires, une poche passepoil\u00e9e peut \u00eatre install\u00e9e \u00e0 l\u2019arri\u00e8re.<\/p>\n<h2>Tableau des mesures (cm)<\/h2>\n<p><img loading=\"lazy\" decoding=\"async\" class=\"alignnone wp-image-18143\" src=\"https:\/\/camimade.com\/fr\/wp-content\/uploads\/sites\/2\/2019\/08\/Tableau-des-mesures-Ecorce-480x71.png\" alt=\"\" width=\"630\" height=\"93\" srcset=\"https:\/\/camimade.com\/fr\/wp-content\/uploads\/sites\/2\/2019\/08\/Tableau-des-mesures-Ecorce-480x71.png 480w, https:\/\/camimade.com\/fr\/wp-content\/uploads\/sites\/2\/2019\/08\/Tableau-des-mesures-Ecorce-768x114.png 768w, https:\/\/camimade.com\/fr\/wp-content\/uploads\/sites\/2\/2019\/08\/Tableau-des-mesures-Ecorce-722x107.png 722w, https:\/\/camimade.com\/fr\/wp-content\/uploads\/sites\/2\/2019\/08\/Tableau-des-mesures-Ecorce-1280x189.png 1280w, https:\/\/camimade.com\/fr\/wp-content\/uploads\/sites\/2\/2019\/08\/Tableau-des-mesures-Ecorce-1000x148.png 1000w, https:\/\/camimade.com\/fr\/wp-content\/uploads\/sites\/2\/2019\/08\/Tableau-des-mesures-Ecorce-600x89.png 600w, https:\/\/camimade.com\/fr\/wp-content\/uploads\/sites\/2\/2019\/08\/Tableau-des-mesures-Ecorce-200x30.png 200w, https:\/\/camimade.com\/fr\/wp-content\/uploads\/sites\/2\/2019\/08\/Tableau-des-mesures-Ecorce.png 1777w\" sizes=\"auto, (max-width: 630px) 100vw, 630px\" \/><\/p>\n<p>Stature : 1,65m<\/p>\n<h2>Mesures du v\u00eatement fini (cm)<\/h2>\n<p><img loading=\"lazy\" decoding=\"async\" class=\"alignnone wp-image-18142\" src=\"https:\/\/camimade.com\/fr\/wp-content\/uploads\/sites\/2\/2019\/08\/Mesures-du-v\u00eatement-fini-Ecorce-480x170.png\" alt=\"\" width=\"630\" height=\"223\" srcset=\"https:\/\/camimade.com\/fr\/wp-content\/uploads\/sites\/2\/2019\/08\/Mesures-du-v\u00eatement-fini-Ecorce-480x170.png 480w, https:\/\/camimade.com\/fr\/wp-content\/uploads\/sites\/2\/2019\/08\/Mesures-du-v\u00eatement-fini-Ecorce-768x272.png 768w, https:\/\/camimade.com\/fr\/wp-content\/uploads\/sites\/2\/2019\/08\/Mesures-du-v\u00eatement-fini-Ecorce-722x256.png 722w, https:\/\/camimade.com\/fr\/wp-content\/uploads\/sites\/2\/2019\/08\/Mesures-du-v\u00eatement-fini-Ecorce-1280x453.png 1280w, https:\/\/camimade.com\/fr\/wp-content\/uploads\/sites\/2\/2019\/08\/Mesures-du-v\u00eatement-fini-Ecorce-1000x354.png 1000w, https:\/\/camimade.com\/fr\/wp-content\/uploads\/sites\/2\/2019\/08\/Mesures-du-v\u00eatement-fini-Ecorce-600x212.png 600w, https:\/\/camimade.com\/fr\/wp-content\/uploads\/sites\/2\/2019\/08\/Mesures-du-v\u00eatement-fini-Ecorce-200x71.png 200w, https:\/\/camimade.com\/fr\/wp-content\/uploads\/sites\/2\/2019\/08\/Mesures-du-v\u00eatement-fini-Ecorce.png 1777w\" sizes=\"auto, (max-width: 630px) 100vw, 630px\" \/><\/p>\n<p>* Longueur entre la ceinture et l&#8217;ourlet devant<\/p>\n<h2>Mes mensurations<\/h2>\n<p>68 &#8211; 92, \u00a01,58cm. Je porte la taille B.<\/p>\n<h2>Tissu n\u00e9cessaire (m)<\/h2>\n<p>Version #1, corsaire:<\/p>\n<ul>\n<li>&#8211; en 150cm de large : 1,20m (tailles A &#8211; C) ou 1,60m (D &#8211; H)<\/li>\n<li>&#8211; ou en 115cm de large : 1,70m<\/li>\n<\/ul>\n<p>Version #2, pantalon :<\/p>\n<ul>\n<li>&#8211; en 150cm de large : 1,50m (A &#8211; C) ou 2,10m (D &#8211; H)<\/li>\n<li>&#8211; ou en 115cm de large : 2,40m<\/li>\n<\/ul>\n<h2>Tissus conseill\u00e9s<\/h2>\n<p>Tissus moyennement \u00e9pais tels que\u00a0: denim, twill de coton, gabardine, tartan, velours c\u00f4tel\u00e9. La coupe du pantalon \u00e9tant pr\u00e8s du corps, vous pr\u00e9f\u00e9rerez sans doute un tissu avec un peu de stretch, mais ce n\u2019est pas obligatoire. Dans tous les cas, une toile est conseill\u00e9e pour tester la coupe. Optez pour un tissu qui marque au repassage pour faire les plis permanents du devant.<\/p>\n<p>Les mod\u00e8les pr\u00e9sent\u00e9s en photo ont \u00e9t\u00e9 r\u00e9alis\u00e9s en denim et en twill de coton, sans stretch.<\/p>\n<h2>Fournitures<\/h2>\n<p>Pour coudre ce v\u00eatement, il vous faudra :<\/p>\n<ul>\n<li>&#8211; De l\u2019entoilage plus l\u00e9ger que le tissu choisi, pour la parmenture de la braguette, la ceinture et la poche passepoil\u00e9e (environ 1,1m x 20cm).<\/li>\n<li>&#8211; De la doublure pour la parementure de la braguette et la poche (environ 30x30cm)<\/li>\n<li>&#8211; Une fermeture \u00e9clair de 14cm<\/li>\n<li>&#8211; Un bouton de 1,5cm de diam\u00e8tre<\/li>\n<li>&#8211; Une agrafe et barrette pour ceinture<\/li>\n<\/ul>\n","protected":false},"excerpt":{"rendered":"<p>\u00c9corce est un patron de pantalon et corsaire taille haute avec une coupe pr\u00e8s du corps. Il se ferme avec une braguette situ\u00e9e devant ainsi qu\u2019avec un bouton et une agrafe cach\u00e9s \u00e0 l\u2019int\u00e9rieur de la ceinture. Une poche passepoil\u00e9e \u00e0 l\u2019arri\u00e8re est en option pour un pantalon encore plus fini. Les jambes sont marqu\u00e9es d\u2019un pli permanent devant pour un look id\u00e9al pour aller au travail. Des coutures le long des jambes \u00e0 l\u2019arri\u00e8re \u00e9pousent parfaitement vos formes et se terminent par une fente en bas, un d\u00e9tail l\u00e9ger qui fait la diff\u00e9rence.<\/p>\n<p>\u00c9corce est un pantalon simple et chic qui peut aussi bien se porter en mode d\u00e9contract\u00e9 avec un t-shirt en jersey et des baskets ou avec un chemisier et des talons pour un look \u00e9l\u00e9gant pour aller au bureau.<\/p>\n","protected":false},"featured_media":15859,"comment_status":"closed","ping_status":"closed","template":"","meta":[],"product_brand":[],"product_cat":[63],"product_tag":[],"class_list":{"0":"post-15748","1":"product","2":"type-product","3":"status-publish","4":"has-post-thumbnail","6":"product_cat-patron-pdf","7":"pa_collections-collection-foret","8":"pa_format-de-patron-patron-pdf","9":"pa_type-de-patron-pantalons","11":"first","12":"instock","13":"downloadable","14":"virtual","15":"purchasable","16":"product-type-simple"},"_links":{"self":[{"href":"https:\/\/camimade.com\/fr\/wp-json\/wp\/v2\/product\/15748","targetHints":{"allow":["GET"]}}],"collection":[{"href":"https:\/\/camimade.com\/fr\/wp-json\/wp\/v2\/product"}],"about":[{"href":"https:\/\/camimade.com\/fr\/wp-json\/wp\/v2\/types\/product"}],"replies":[{"embeddable":true,"href":"https:\/\/camimade.com\/fr\/wp-json\/wp\/v2\/comments?post=15748"}],"wp:featuredmedia":[{"embeddable":true,"href":"https:\/\/camimade.com\/fr\/wp-json\/wp\/v2\/media\/15859"}],"wp:attachment":[{"href":"https:\/\/camimade.com\/fr\/wp-json\/wp\/v2\/media?parent=15748"}],"wp:term":[{"taxonomy":"product_brand","embeddable":true,"href":"https:\/\/camimade.com\/fr\/wp-json\/wp\/v2\/product_brand?post=15748"},{"taxonomy":"product_cat","embeddable":true,"href":"https:\/\/camimade.com\/fr\/wp-json\/wp\/v2\/product_cat?post=15748"},{"taxonomy":"product_tag","embeddable":true,"href":"https:\/\/camimade.com\/fr\/wp-json\/wp\/v2\/product_tag?post=15748"}],"curies":[{"name":"wp","href":"https:\/\/api.w.org\/{rel}","templated":true}]}}