{"id":15750,"date":"2019-08-30T10:46:42","date_gmt":"2019-08-30T10:46:42","guid":{"rendered":"https:\/\/camimade.com\/fr\/?post_type=product&#038;p=15750"},"modified":"2024-03-18T12:27:23","modified_gmt":"2024-03-18T12:27:23","slug":"patron-chemisier-robe-chemise-feuillage","status":"publish","type":"product","link":"https:\/\/camimade.com\/fr\/boutique\/patron-chemisier-robe-chemise-feuillage\/","title":{"rendered":"Patron de chemisier et robe chemise &#8211; FEUILLAGE"},"content":{"rendered":"<h2>Niveau : d\u00e9butant\u00a0confirm\u00e9<\/h2>\n<p>Feuillage est un patron pour d\u00e9butants confirm\u00e9s. Le patron comprend une patte de boutonnage et le montage d\u2019un col mandarin.<\/p>\n<h2>Tableau des mesures (cm)<\/h2>\n<p><img loading=\"lazy\" decoding=\"async\" class=\"alignnone wp-image-18141\" src=\"https:\/\/camimade.com\/fr\/wp-content\/uploads\/sites\/2\/2019\/08\/Tableau-des-mesures-Feuillage-480x98.png\" alt=\"\" width=\"630\" height=\"128\" srcset=\"https:\/\/camimade.com\/fr\/wp-content\/uploads\/sites\/2\/2019\/08\/Tableau-des-mesures-Feuillage-480x98.png 480w, https:\/\/camimade.com\/fr\/wp-content\/uploads\/sites\/2\/2019\/08\/Tableau-des-mesures-Feuillage-768x156.png 768w, https:\/\/camimade.com\/fr\/wp-content\/uploads\/sites\/2\/2019\/08\/Tableau-des-mesures-Feuillage-722x147.png 722w, https:\/\/camimade.com\/fr\/wp-content\/uploads\/sites\/2\/2019\/08\/Tableau-des-mesures-Feuillage-1280x261.png 1280w, https:\/\/camimade.com\/fr\/wp-content\/uploads\/sites\/2\/2019\/08\/Tableau-des-mesures-Feuillage-1000x204.png 1000w, https:\/\/camimade.com\/fr\/wp-content\/uploads\/sites\/2\/2019\/08\/Tableau-des-mesures-Feuillage-600x122.png 600w, https:\/\/camimade.com\/fr\/wp-content\/uploads\/sites\/2\/2019\/08\/Tableau-des-mesures-Feuillage-200x41.png 200w, https:\/\/camimade.com\/fr\/wp-content\/uploads\/sites\/2\/2019\/08\/Tableau-des-mesures-Feuillage.png 1777w\" sizes=\"auto, (max-width: 630px) 100vw, 630px\" \/><\/p>\n<p>Stature : 1,65m<\/p>\n<h2>Mesures du v\u00eatement fini (cm)<\/h2>\n<p><img loading=\"lazy\" decoding=\"async\" class=\"alignnone wp-image-18140\" src=\"https:\/\/camimade.com\/fr\/wp-content\/uploads\/sites\/2\/2019\/08\/Mesures-du-v\u00eatement-fini-Feuillage-480x235.png\" alt=\"\" width=\"630\" height=\"309\" srcset=\"https:\/\/camimade.com\/fr\/wp-content\/uploads\/sites\/2\/2019\/08\/Mesures-du-v\u00eatement-fini-Feuillage-480x235.png 480w, https:\/\/camimade.com\/fr\/wp-content\/uploads\/sites\/2\/2019\/08\/Mesures-du-v\u00eatement-fini-Feuillage-768x376.png 768w, https:\/\/camimade.com\/fr\/wp-content\/uploads\/sites\/2\/2019\/08\/Mesures-du-v\u00eatement-fini-Feuillage-722x354.png 722w, https:\/\/camimade.com\/fr\/wp-content\/uploads\/sites\/2\/2019\/08\/Mesures-du-v\u00eatement-fini-Feuillage-1280x627.png 1280w, https:\/\/camimade.com\/fr\/wp-content\/uploads\/sites\/2\/2019\/08\/Mesures-du-v\u00eatement-fini-Feuillage-1000x490.png 1000w, https:\/\/camimade.com\/fr\/wp-content\/uploads\/sites\/2\/2019\/08\/Mesures-du-v\u00eatement-fini-Feuillage-600x294.png 600w, https:\/\/camimade.com\/fr\/wp-content\/uploads\/sites\/2\/2019\/08\/Mesures-du-v\u00eatement-fini-Feuillage-200x98.png 200w, https:\/\/camimade.com\/fr\/wp-content\/uploads\/sites\/2\/2019\/08\/Mesures-du-v\u00eatement-fini-Feuillage.png 1777w\" sizes=\"auto, (max-width: 630px) 100vw, 630px\" \/><\/p>\n<p>* Longueur entre l&#8217;encolure et l&#8217;ourlet du panneau devant<br \/>\n** Longueur entre l&#8217;encolure et l&#8217;ourlet du panneau lat\u00e9ral<\/p>\n<h2>Mes mensurations<\/h2>\n<p>84 &#8211; 68 &#8211; 92, \u00a01,58cm. Je porte la taille B.<\/p>\n<h2>Tissu n\u00e9cessaire (m)<\/h2>\n<p>Version #1, chemisier long sans manche:<\/p>\n<ul>\n<li>&#8211; 150cm de large: 1,5m<\/li>\n<li>&#8211; 115cm de large: 2m<\/li>\n<\/ul>\n<p>Version #2, chemisier court avec manches :<\/p>\n<ul>\n<li>&#8211; 150cm de large: 1,5m<\/li>\n<li>&#8211; 115cm de large: 1,9m<\/li>\n<\/ul>\n<p>Version #3, robe chemise avec manches\u00a0:<\/p>\n<ul>\n<li>&#8211; 150cm de large: 2,4m<\/li>\n<li>&#8211; 115cm de large: 2,9m<\/li>\n<\/ul>\n<h2>Tissus conseill\u00e9s<\/h2>\n<p>Feuillage peut \u00eatre cousu dans diff\u00e9rents tissus tels que du coton pour chemise, linon de coton, chambray, viscose, double gaze, etc. La robe chemise peut \u00eatre r\u00e9alis\u00e9e dans un tissu plus \u00e9pais comme un wax de coton.<\/p>\n<p>Les mod\u00e8les pr\u00e9sent\u00e9s en photo ont \u00e9t\u00e9 r\u00e9alis\u00e9s dans du cr\u00e9pon de coton (version longue), du coton pour chemise (version courte) et du wax de coton (version robe).<\/p>\n<h2>Fournitures<\/h2>\n<p>Pour coudre Feuillage, il vous faudra :<\/p>\n<ul>\n<li>&#8211; De l\u2019entoilage plus l\u00e9ger que le tissu choisi, pour la patte de boutonnage et le col mandarin (environ 1m x 20cm).<\/li>\n<li>&#8211; Du biais pour la version sans manche (environ 1m)<\/li>\n<li>&#8211; 6 boutons de 1.2cm de diam\u00e8tre pour les chemisiers #1 et #2 et 12 boutons de 1.2cm de diam\u00e8tre pour la robe chemise #3<\/li>\n<\/ul>\n","protected":false},"excerpt":{"rendered":"<p>Feuillage est un patron de chemisier et de robe chemise. Son v\u00e9ritable col mandarin lui donne un style chic et d\u00e9contract\u00e9. Les panneaux du chemisier et de la robe chemise, tels des feuilles d\u2019arbres, sont de diff\u00e9rentes longueurs et s\u00e9par\u00e9s par des fentes, cr\u00e9ant un mouvement int\u00e9ressant et une allure zen. Les manches sont raffin\u00e9es, avec leur couture et fente lat\u00e9rales. Elles existent en deux tailles diff\u00e9rentes. Le chemisier peut \u00e9galement \u00eatre r\u00e9alis\u00e9 sans manches, et existe en deux longueurs possibles. Les combinaisons sont multiples pour obtenir un mod\u00e8le \u00e0 son image. Le dos poss\u00e8de des attaches \u00e0 nouer pour marquer plus ou moins la taille.<\/p>\n<p>Osez jouer avec les panneaux du patron en choississant un tissu\u00a0\u00e0 motifs ou des tissus de couleurs diff\u00e9rentes pour un effet &#8220;colour blocking&#8221;.<\/p>\n<p>Le patron inclut :<\/p>\n<ul>\n<li>le patron en A4 (33 pages) ;<\/li>\n<li>le patron en A0 (2 pages) ;<\/li>\n<li>le guide d&#8217;instructions pas\u00a0\u00e0 pas avec des illustrations d\u00e9taill\u00e9es et peintes \u00e0 la main (12 pages).<\/li>\n<\/ul>\n<p>Les PDF permettent de s\u00e9lectionner la ou les tailles souhait\u00e9es pour l&#8217;impression, gr\u00e2ce \u00e0 l&#8217;option &#8220;calque&#8221; d&#8217;Adobe Acrobat Reader.<\/p>\n","protected":false},"featured_media":15867,"comment_status":"closed","ping_status":"closed","template":"","meta":[],"product_brand":[],"product_cat":[63],"product_tag":[],"class_list":{"0":"post-15750","1":"product","2":"type-product","3":"status-publish","4":"has-post-thumbnail","6":"product_cat-patron-pdf","7":"pa_collections-collection-foret","8":"pa_format-de-patron-patron-pdf","9":"pa_type-de-patron-robes","10":"pa_type-de-patron-tops","12":"first","13":"instock","14":"downloadable","15":"virtual","16":"purchasable","17":"product-type-simple"},"_links":{"self":[{"href":"https:\/\/camimade.com\/fr\/wp-json\/wp\/v2\/product\/15750","targetHints":{"allow":["GET"]}}],"collection":[{"href":"https:\/\/camimade.com\/fr\/wp-json\/wp\/v2\/product"}],"about":[{"href":"https:\/\/camimade.com\/fr\/wp-json\/wp\/v2\/types\/product"}],"replies":[{"embeddable":true,"href":"https:\/\/camimade.com\/fr\/wp-json\/wp\/v2\/comments?post=15750"}],"wp:featuredmedia":[{"embeddable":true,"href":"https:\/\/camimade.com\/fr\/wp-json\/wp\/v2\/media\/15867"}],"wp:attachment":[{"href":"https:\/\/camimade.com\/fr\/wp-json\/wp\/v2\/media?parent=15750"}],"wp:term":[{"taxonomy":"product_brand","embeddable":true,"href":"https:\/\/camimade.com\/fr\/wp-json\/wp\/v2\/product_brand?post=15750"},{"taxonomy":"product_cat","embeddable":true,"href":"https:\/\/camimade.com\/fr\/wp-json\/wp\/v2\/product_cat?post=15750"},{"taxonomy":"product_tag","embeddable":true,"href":"https:\/\/camimade.com\/fr\/wp-json\/wp\/v2\/product_tag?post=15750"}],"curies":[{"name":"wp","href":"https:\/\/api.w.org\/{rel}","templated":true}]}}