{"id":16981,"date":"2019-12-11T14:40:44","date_gmt":"2019-12-11T14:40:44","guid":{"rendered":"https:\/\/camimade.com\/fr\/?post_type=product&#038;p=16981"},"modified":"2023-09-21T11:20:57","modified_gmt":"2023-09-21T11:20:57","slug":"patron-de-robe-audrey","status":"publish","type":"product","link":"https:\/\/camimade.com\/fr\/boutique\/patron-de-robe-audrey\/","title":{"rendered":"Patron de robe &#8211; AUDREY"},"content":{"rendered":"<h2>Niveau : interm\u00e9diaire<\/h2>\n<p>Audrey est un patron de niveau interm\u00e9diaire avec des d\u00e9tails int\u00e9ressants \u00e0 coudre, tels que les fronces et fentes ind\u00e9chirables des manches, le montage d\u2019un col chemin\u00e9e ou encore l\u2019installation d\u2019une fermeture invisible.<\/p>\n<h2>Tableau des mesures (cm)<\/h2>\n<p><img loading=\"lazy\" decoding=\"async\" class=\"alignnone wp-image-18105\" src=\"https:\/\/camimade.com\/fr\/wp-content\/uploads\/sites\/2\/2019\/12\/Tableau-des-mesures-Audrey-480x99.png\" alt=\"\" width=\"630\" height=\"130\" srcset=\"https:\/\/camimade.com\/fr\/wp-content\/uploads\/sites\/2\/2019\/12\/Tableau-des-mesures-Audrey-480x99.png 480w, https:\/\/camimade.com\/fr\/wp-content\/uploads\/sites\/2\/2019\/12\/Tableau-des-mesures-Audrey-768x158.png 768w, https:\/\/camimade.com\/fr\/wp-content\/uploads\/sites\/2\/2019\/12\/Tableau-des-mesures-Audrey-722x148.png 722w, https:\/\/camimade.com\/fr\/wp-content\/uploads\/sites\/2\/2019\/12\/Tableau-des-mesures-Audrey-1280x263.png 1280w, https:\/\/camimade.com\/fr\/wp-content\/uploads\/sites\/2\/2019\/12\/Tableau-des-mesures-Audrey-1000x205.png 1000w, https:\/\/camimade.com\/fr\/wp-content\/uploads\/sites\/2\/2019\/12\/Tableau-des-mesures-Audrey-600x123.png 600w, https:\/\/camimade.com\/fr\/wp-content\/uploads\/sites\/2\/2019\/12\/Tableau-des-mesures-Audrey-200x41.png 200w, https:\/\/camimade.com\/fr\/wp-content\/uploads\/sites\/2\/2019\/12\/Tableau-des-mesures-Audrey.png 1777w\" sizes=\"auto, (max-width: 630px) 100vw, 630px\" \/><\/p>\n<p>Stature : 1,65m<\/p>\n<h2>Mesures du v\u00eatement fini (cm)<\/h2>\n<p><img loading=\"lazy\" decoding=\"async\" class=\"alignnone wp-image-18104\" src=\"https:\/\/camimade.com\/fr\/wp-content\/uploads\/sites\/2\/2019\/12\/Mesures-v\u00eatement-fini-Audrey-480x116.png\" alt=\"\" width=\"629\" height=\"152\" srcset=\"https:\/\/camimade.com\/fr\/wp-content\/uploads\/sites\/2\/2019\/12\/Mesures-v\u00eatement-fini-Audrey-480x116.png 480w, https:\/\/camimade.com\/fr\/wp-content\/uploads\/sites\/2\/2019\/12\/Mesures-v\u00eatement-fini-Audrey-768x185.png 768w, https:\/\/camimade.com\/fr\/wp-content\/uploads\/sites\/2\/2019\/12\/Mesures-v\u00eatement-fini-Audrey-722x174.png 722w, https:\/\/camimade.com\/fr\/wp-content\/uploads\/sites\/2\/2019\/12\/Mesures-v\u00eatement-fini-Audrey-1280x309.png 1280w, https:\/\/camimade.com\/fr\/wp-content\/uploads\/sites\/2\/2019\/12\/Mesures-v\u00eatement-fini-Audrey-1000x241.png 1000w, https:\/\/camimade.com\/fr\/wp-content\/uploads\/sites\/2\/2019\/12\/Mesures-v\u00eatement-fini-Audrey-600x145.png 600w, https:\/\/camimade.com\/fr\/wp-content\/uploads\/sites\/2\/2019\/12\/Mesures-v\u00eatement-fini-Audrey-200x48.png 200w, https:\/\/camimade.com\/fr\/wp-content\/uploads\/sites\/2\/2019\/12\/Mesures-v\u00eatement-fini-Audrey.png 1778w\" sizes=\"auto, (max-width: 629px) 100vw, 629px\" \/><\/p>\n<p>* Longueur entre la base du cou et l&#8217;ourlet (une fois cousu).<\/p>\n<h2>Mensurations des mod\u00e8les :<\/h2>\n<ul>\n<li>&#8211; Rosanna en robe noire : poitrine 91 &#8211; taille 68 &#8211; hanches 94 &#8211; 1,65m. Rosanna porte la taille C.<\/li>\n<li>&#8211; Guadalupe en robe aubergine : poitrine 97 &#8211; taille 79 &#8211; hanches 100 &#8211; 1,63m. Guadalupe porte la taille E.<\/li>\n<\/ul>\n<h2>Tissu conseill\u00e9s et m\u00e9trages (m)<\/h2>\n<p><strong>Tissu principal :\u00a0<\/strong>moyennement \u00e9pais avec de la tenue, tartan, lainage, velours, tweed, denim, jacquard,\u00a0soierie,\u00a0cr\u00eape de laine, triple cr\u00eape, jersey \u00e9pais, tissu sweatshirt.<span class=\"Apple-converted-space\">\u00a0<\/span><\/p>\n<ul>\n<li>&#8211; En 150cm de large : 1,20m (taille A \u00e0 F) ou 1,90m (taille G \u00e0 H)<span class=\"Apple-converted-space\">\u00a0<\/span><\/li>\n<li>&#8211; En 115cm de large : 2,20m (toutes tailles)<\/li>\n<\/ul>\n<p><strong>Manches pour la version #1 :<\/strong> tissu transparent avec plus ou moins de structure et de tomb\u00e9, organza, voile ou mousseline.<\/p>\n<ul>\n<li>&#8211; 150cm et 115cm de large : 50cm<\/li>\n<\/ul>\n<p><strong>Poches :<\/strong> tissu de doublure l\u00e9ger, coton, polyester. Les poches sont une bonne opportunit\u00e9 pour utiliser vos chutes de tissus.<span class=\"Apple-converted-space\">\u00a0<\/span><\/p>\n<ul>\n<li>&#8211; 50cm x 60cm<\/li>\n<\/ul>\n<h2>Fournitures<\/h2>\n<ul>\n<li>&#8211; De l\u2019entoilage plus l\u00e9ger que le tissu choisi pour le col (approximativement 30x40cm), sauf si le tissu a d\u00e9j\u00e0 suffisamment de structure ;<\/li>\n<li>&#8211; Six boutons d\u2019environ 1cm de diam\u00e8tre pour la version avec manches et deux pour la version sans manches<span class=\"Apple-converted-space\">\u00a0<\/span>;<\/li>\n<li>&#8211; Une fermeture \u00e0 glissi\u00e8re invisible de 40cm.<span class=\"Apple-converted-space\">\u00a0<\/span><\/li>\n<\/ul>\n","protected":false},"excerpt":{"rendered":"<p>Audrey est un patron de robe ample et courte. Avec la base des manches \u00e0 m\u00eame le corsage, son design a \u00e9t\u00e9 imagin\u00e9 avec des manches<span class=\"Apple-converted-space\">\u00a0 <\/span>bouffantes en tissu transparent pour un look de f\u00eate tout en d\u00e9licatesse. Une option sans manches est \u00e9galement disponible, \u00e0 porter avec un top ou non en dessous, et tout \u00e0 fait imaginable pour un look de bureau. Le col chemin\u00e9e permet de garder son cou au chaud, tout en \u00e9tant suffisamment large pour se sentir \u00e0 l\u2019aise. Audrey se ferme dans le dos avec une fermeture invisible et des petits boutons situ\u00e9s sur le col. Les poignets de manches se ferment eux aussi avec des petits boutons et sont prolong\u00e9s par une fente ind\u00e9chirable sur la manche.<\/p>\n<p>Le patron inclut :<\/p>\n<ul>\n<li>le patron en A4 (25 pages) ;<\/li>\n<li>le patron en A0 (2 pages) ;<\/li>\n<li>le guide d&#8217;instructions pas\u00a0\u00e0 pas avec des illustrations d\u00e9taill\u00e9es et peintes \u00e0 la main (12 pages).<\/li>\n<\/ul>\n<p>Les PDF permettent de s\u00e9lectionner la ou les tailles souhait\u00e9es pour l&#8217;impression, gr\u00e2ce \u00e0 l&#8217;option &#8220;calque&#8221; d&#8217;Adobe Acrobat Reader.<\/p>\n","protected":false},"featured_media":19318,"comment_status":"closed","ping_status":"closed","template":"","meta":[],"product_brand":[],"product_cat":[63],"product_tag":[],"class_list":{"0":"post-16981","1":"product","2":"type-product","3":"status-publish","4":"has-post-thumbnail","6":"product_cat-patron-pdf","7":"pa_collections-the-lodge","8":"pa_format-de-patron-patron-pdf","9":"pa_type-de-patron-robes","11":"first","12":"instock","13":"downloadable","14":"virtual","15":"purchasable","16":"product-type-simple"},"_links":{"self":[{"href":"https:\/\/camimade.com\/fr\/wp-json\/wp\/v2\/product\/16981","targetHints":{"allow":["GET"]}}],"collection":[{"href":"https:\/\/camimade.com\/fr\/wp-json\/wp\/v2\/product"}],"about":[{"href":"https:\/\/camimade.com\/fr\/wp-json\/wp\/v2\/types\/product"}],"replies":[{"embeddable":true,"href":"https:\/\/camimade.com\/fr\/wp-json\/wp\/v2\/comments?post=16981"}],"wp:featuredmedia":[{"embeddable":true,"href":"https:\/\/camimade.com\/fr\/wp-json\/wp\/v2\/media\/19318"}],"wp:attachment":[{"href":"https:\/\/camimade.com\/fr\/wp-json\/wp\/v2\/media?parent=16981"}],"wp:term":[{"taxonomy":"product_brand","embeddable":true,"href":"https:\/\/camimade.com\/fr\/wp-json\/wp\/v2\/product_brand?post=16981"},{"taxonomy":"product_cat","embeddable":true,"href":"https:\/\/camimade.com\/fr\/wp-json\/wp\/v2\/product_cat?post=16981"},{"taxonomy":"product_tag","embeddable":true,"href":"https:\/\/camimade.com\/fr\/wp-json\/wp\/v2\/product_tag?post=16981"}],"curies":[{"name":"wp","href":"https:\/\/api.w.org\/{rel}","templated":true}]}}