{"id":17007,"date":"2019-12-11T15:01:27","date_gmt":"2019-12-11T15:01:27","guid":{"rendered":"https:\/\/camimade.com\/fr\/?post_type=product&#038;p=17007"},"modified":"2025-01-17T17:11:19","modified_gmt":"2025-01-17T17:11:19","slug":"patron-de-blouse-et-robe-donna","status":"publish","type":"product","link":"https:\/\/camimade.com\/fr\/boutique\/patron-de-blouse-et-robe-donna\/","title":{"rendered":"Patron de blouse et robe &#8211; DONNA"},"content":{"rendered":"<h2>Niveau : interm\u00e9diaire<\/h2>\n<p>Donna est un patron de niveau interm\u00e9diaire comprenant des fronces, et le montage d\u2019un col. <span class=\"Apple-converted-space\">\u00a0<\/span><\/p>\n<h2>Tableau des mesures (cm)<\/h2>\n<p><img loading=\"lazy\" decoding=\"async\" class=\"alignnone wp-image-18110\" src=\"https:\/\/camimade.com\/fr\/wp-content\/uploads\/sites\/2\/2019\/12\/Tableau-des-mesures-Donna-480x97.png\" alt=\"\" width=\"630\" height=\"128\" srcset=\"https:\/\/camimade.com\/fr\/wp-content\/uploads\/sites\/2\/2019\/12\/Tableau-des-mesures-Donna-480x97.png 480w, https:\/\/camimade.com\/fr\/wp-content\/uploads\/sites\/2\/2019\/12\/Tableau-des-mesures-Donna-768x156.png 768w, https:\/\/camimade.com\/fr\/wp-content\/uploads\/sites\/2\/2019\/12\/Tableau-des-mesures-Donna-722x146.png 722w, https:\/\/camimade.com\/fr\/wp-content\/uploads\/sites\/2\/2019\/12\/Tableau-des-mesures-Donna-1280x259.png 1280w, https:\/\/camimade.com\/fr\/wp-content\/uploads\/sites\/2\/2019\/12\/Tableau-des-mesures-Donna-1000x203.png 1000w, https:\/\/camimade.com\/fr\/wp-content\/uploads\/sites\/2\/2019\/12\/Tableau-des-mesures-Donna-600x122.png 600w, https:\/\/camimade.com\/fr\/wp-content\/uploads\/sites\/2\/2019\/12\/Tableau-des-mesures-Donna-200x41.png 200w, https:\/\/camimade.com\/fr\/wp-content\/uploads\/sites\/2\/2019\/12\/Tableau-des-mesures-Donna.png 1777w\" sizes=\"auto, (max-width: 630px) 100vw, 630px\" \/><\/p>\n<p>Stature : 1,65m<\/p>\n<h2>Mesures du v\u00eatement fini (cm)<\/h2>\n<p><img loading=\"lazy\" decoding=\"async\" class=\"alignnone wp-image-18109\" src=\"https:\/\/camimade.com\/fr\/wp-content\/uploads\/sites\/2\/2019\/12\/Mesures-v\u00eatement-fini-Donna-480x143.png\" alt=\"\" width=\"630\" height=\"187\" srcset=\"https:\/\/camimade.com\/fr\/wp-content\/uploads\/sites\/2\/2019\/12\/Mesures-v\u00eatement-fini-Donna-480x143.png 480w, https:\/\/camimade.com\/fr\/wp-content\/uploads\/sites\/2\/2019\/12\/Mesures-v\u00eatement-fini-Donna-768x228.png 768w, https:\/\/camimade.com\/fr\/wp-content\/uploads\/sites\/2\/2019\/12\/Mesures-v\u00eatement-fini-Donna-722x215.png 722w, https:\/\/camimade.com\/fr\/wp-content\/uploads\/sites\/2\/2019\/12\/Mesures-v\u00eatement-fini-Donna-1280x381.png 1280w, https:\/\/camimade.com\/fr\/wp-content\/uploads\/sites\/2\/2019\/12\/Mesures-v\u00eatement-fini-Donna-1000x298.png 1000w, https:\/\/camimade.com\/fr\/wp-content\/uploads\/sites\/2\/2019\/12\/Mesures-v\u00eatement-fini-Donna-600x179.png 600w, https:\/\/camimade.com\/fr\/wp-content\/uploads\/sites\/2\/2019\/12\/Mesures-v\u00eatement-fini-Donna-200x60.png 200w, https:\/\/camimade.com\/fr\/wp-content\/uploads\/sites\/2\/2019\/12\/Mesures-v\u00eatement-fini-Donna.png 1778w\" sizes=\"auto, (max-width: 630px) 100vw, 630px\" \/><\/p>\n<p>* Longueur entre la base du cou et l&#8217;ourlet (une fois cousu)<\/p>\n<h2>Mensurations des mod\u00e8les<\/h2>\n<ul>\n<li>&#8211; Rosanna en blouse blanche et robe verte : poitrine 91 &#8211; taille 68 &#8211; hanches 94 &#8211; 1,65m. Rosanna porte la taille C.<\/li>\n<li>&#8211; Guadalupe en blouse verte et brique : poitrine 97 &#8211; taille 79 &#8211; hanches 100 &#8211; 1,63m. Guadalupe porte la taille E.<\/li>\n<\/ul>\n<h2>Tissu conseill\u00e9s et m\u00e9trages (m)<\/h2>\n<p>Tissu l\u00e9ger et fluide : mousseline, cr\u00eape georgette, cr\u00eape de Chine, soie lav\u00e9e, modal, linon de coton, coton pour chemise, lin, viscose, twill de viscose.<\/p>\n<p><strong>Blouse<\/strong><\/p>\n<ul>\n<li><span style=\"text-decoration: underline;\">150cm de large :<span class=\"Apple-converted-space\">\u00a0<\/span><\/span>\n<ul>\n<li>&#8211; Taille A \u00e0 E : 1,55m pour l&#8217;option de manche 1 &amp; 2 + 20cm pour l\u2019option 3<\/li>\n<li>&#8211; Taille F \u00e0 H\u00a0: 2,10m pour toutes les options<\/li>\n<\/ul>\n<\/li>\n<li><span style=\"text-decoration: underline;\">115cm de large :<\/span><span class=\"Apple-converted-space\">\u00a0<\/span>\n<ul>\n<li>&#8211; Toutes tailles : 2,30m pour l&#8217;option de manche 1 &amp; 2 + 20cm pour l\u2019option 3<\/li>\n<\/ul>\n<\/li>\n<\/ul>\n<p><strong>Robe<\/strong><\/p>\n<ul>\n<li><span style=\"text-decoration: underline;\">150cm de large :<span class=\"Apple-converted-space\">\u00a0<\/span><\/span>\n<ul>\n<li>&#8211; Taille A \u00e0 D : 2m pour l&#8217;option de manche 1 &amp; 2 + 20cm pour l\u2019option 3<\/li>\n<li>&#8211; Taille E \u00e0 H : 2,60m pour toutes les options<\/li>\n<\/ul>\n<\/li>\n<li><span style=\"text-decoration: underline;\">115cm de large :<\/span><span class=\"Apple-converted-space\">\u00a0<\/span>\n<ul>\n<li>&#8211; Toutes tailles : 2,90m pour toutes les options<\/li>\n<\/ul>\n<\/li>\n<\/ul>\n<h2>Fournitures<\/h2>\n<ul>\n<li>&#8211; De l\u2019entoilage plus l\u00e9ger que le tissu, pour le col (environ 30cm x 60cm)<\/li>\n<li>&#8211; Deux boutons de 1,2cm de diam\u00e8tre<\/li>\n<li>&#8211; Un ou deux petits boutons pression<\/li>\n<\/ul>\n","protected":false},"excerpt":{"rendered":"<p>Donna est un patron de blouse et de robe portefeuille. Fluide et chic avec ses fronces au niveau du cou, elle se noue au col et \u00e0 la taille sur un c\u00f4t\u00e9 de la silhouette. Trois finitions de manches sont possibles : la manche simple, la manche \u00e0 pli creux, et la manche avec noeud. En version blouse, elle se porte avec un jean pour un look casual chic, ou dans un pantalon de tailleur pour un look de bureau. En version robe, elle se porte aussi bien en journ\u00e9e qu\u2019en soir\u00e9e en fonction du tissu choisi ! Un basique de garde-robe \u00e0 porter sans mod\u00e9ration.<span class=\"Apple-converted-space\">\u00a0<\/span><\/p>\n<p>Le patron inclut :<\/p>\n<ul>\n<li>le patron en A4 (32 pages) ;<\/li>\n<li>le patron en A0 (2 pages) ;<\/li>\n<li>le guide d&#8217;instructions pas\u00a0\u00e0 pas avec des illustrations d\u00e9taill\u00e9es et peintes \u00e0 la main (11 pages).<\/li>\n<\/ul>\n<p>Les PDF permettent de s\u00e9lectionner la ou les tailles souhait\u00e9es pour l&#8217;impression, gr\u00e2ce \u00e0 l&#8217;option &#8220;calque&#8221; d&#8217;Adobe Acrobat Reader.<\/p>\n","protected":false},"featured_media":19378,"comment_status":"closed","ping_status":"closed","template":"","meta":[],"product_brand":[],"product_cat":[63],"product_tag":[],"class_list":{"0":"post-17007","1":"product","2":"type-product","3":"status-publish","4":"has-post-thumbnail","6":"product_cat-patron-pdf","7":"pa_collections-the-lodge","8":"pa_format-de-patron-patron-pdf","9":"pa_type-de-patron-robes","10":"pa_type-de-patron-tops","12":"first","13":"instock","14":"downloadable","15":"virtual","16":"purchasable","17":"product-type-simple"},"_links":{"self":[{"href":"https:\/\/camimade.com\/fr\/wp-json\/wp\/v2\/product\/17007","targetHints":{"allow":["GET"]}}],"collection":[{"href":"https:\/\/camimade.com\/fr\/wp-json\/wp\/v2\/product"}],"about":[{"href":"https:\/\/camimade.com\/fr\/wp-json\/wp\/v2\/types\/product"}],"replies":[{"embeddable":true,"href":"https:\/\/camimade.com\/fr\/wp-json\/wp\/v2\/comments?post=17007"}],"wp:featuredmedia":[{"embeddable":true,"href":"https:\/\/camimade.com\/fr\/wp-json\/wp\/v2\/media\/19378"}],"wp:attachment":[{"href":"https:\/\/camimade.com\/fr\/wp-json\/wp\/v2\/media?parent=17007"}],"wp:term":[{"taxonomy":"product_brand","embeddable":true,"href":"https:\/\/camimade.com\/fr\/wp-json\/wp\/v2\/product_brand?post=17007"},{"taxonomy":"product_cat","embeddable":true,"href":"https:\/\/camimade.com\/fr\/wp-json\/wp\/v2\/product_cat?post=17007"},{"taxonomy":"product_tag","embeddable":true,"href":"https:\/\/camimade.com\/fr\/wp-json\/wp\/v2\/product_tag?post=17007"}],"curies":[{"name":"wp","href":"https:\/\/api.w.org\/{rel}","templated":true}]}}