{"id":18460,"date":"2020-05-22T06:00:25","date_gmt":"2020-05-22T06:00:25","guid":{"rendered":"https:\/\/camimade.com\/fr\/?post_type=product&#038;p=18460"},"modified":"2025-01-17T17:09:50","modified_gmt":"2025-01-17T17:09:50","slug":"patron-de-robe-et-blouse-colette","status":"publish","type":"product","link":"https:\/\/camimade.com\/fr\/boutique\/patron-de-robe-et-blouse-colette\/","title":{"rendered":"Patron de robe et blouse &#8211; COLETTE"},"content":{"rendered":"<h2>Niveau : interm\u00e9diaire<\/h2>\n<p>Colette pr\u00e9sente des d\u00e9tails de confection de niveau interm\u00e9diaire tels que la pose d\u2019une fermeture \u00e0 glissi\u00e8re ou encore le montage d\u2019une parementure.<span class=\"Apple-converted-space\">\u00a0<\/span>Un glossaire est disponible pour vous accompagner dans votre couture : <a href=\"http:\/\/www.camimade.com\/fr\/glossaire\/\">www.camimade.com\/fr\/glossaire\/<\/a>. <span class=\"Apple-converted-space\">\u00a0<\/span><\/p>\n<h2>Tableau des mesures (cm)<\/h2>\n<p><img loading=\"lazy\" decoding=\"async\" class=\"alignnone wp-image-18463\" src=\"https:\/\/camimade.com\/fr\/wp-content\/uploads\/sites\/2\/2020\/05\/Colette-tableau-des-mesures-480x112.png\" alt=\"\" width=\"630\" height=\"147\" srcset=\"https:\/\/camimade.com\/fr\/wp-content\/uploads\/sites\/2\/2020\/05\/Colette-tableau-des-mesures-480x112.png 480w, https:\/\/camimade.com\/fr\/wp-content\/uploads\/sites\/2\/2020\/05\/Colette-tableau-des-mesures-768x179.png 768w, https:\/\/camimade.com\/fr\/wp-content\/uploads\/sites\/2\/2020\/05\/Colette-tableau-des-mesures-722x168.png 722w, https:\/\/camimade.com\/fr\/wp-content\/uploads\/sites\/2\/2020\/05\/Colette-tableau-des-mesures-1280x298.png 1280w, https:\/\/camimade.com\/fr\/wp-content\/uploads\/sites\/2\/2020\/05\/Colette-tableau-des-mesures-1000x233.png 1000w, https:\/\/camimade.com\/fr\/wp-content\/uploads\/sites\/2\/2020\/05\/Colette-tableau-des-mesures-600x140.png 600w, https:\/\/camimade.com\/fr\/wp-content\/uploads\/sites\/2\/2020\/05\/Colette-tableau-des-mesures-200x47.png 200w, https:\/\/camimade.com\/fr\/wp-content\/uploads\/sites\/2\/2020\/05\/Colette-tableau-des-mesures.png 1859w\" sizes=\"auto, (max-width: 630px) 100vw, 630px\" \/><\/p>\n<p>Stature : 1,65m<\/p>\n<h2>Mesures du v\u00eatement fini (cm)<\/h2>\n<p><img loading=\"lazy\" decoding=\"async\" class=\"alignnone wp-image-18461\" src=\"https:\/\/camimade.com\/fr\/wp-content\/uploads\/sites\/2\/2020\/05\/Colette-mesure-v\u00eatement-fini-480x134.png\" alt=\"\" width=\"630\" height=\"176\" srcset=\"https:\/\/camimade.com\/fr\/wp-content\/uploads\/sites\/2\/2020\/05\/Colette-mesure-v\u00eatement-fini-480x134.png 480w, https:\/\/camimade.com\/fr\/wp-content\/uploads\/sites\/2\/2020\/05\/Colette-mesure-v\u00eatement-fini-768x214.png 768w, https:\/\/camimade.com\/fr\/wp-content\/uploads\/sites\/2\/2020\/05\/Colette-mesure-v\u00eatement-fini-722x202.png 722w, https:\/\/camimade.com\/fr\/wp-content\/uploads\/sites\/2\/2020\/05\/Colette-mesure-v\u00eatement-fini-1280x357.png 1280w, https:\/\/camimade.com\/fr\/wp-content\/uploads\/sites\/2\/2020\/05\/Colette-mesure-v\u00eatement-fini-1000x279.png 1000w, https:\/\/camimade.com\/fr\/wp-content\/uploads\/sites\/2\/2020\/05\/Colette-mesure-v\u00eatement-fini-600x168.png 600w, https:\/\/camimade.com\/fr\/wp-content\/uploads\/sites\/2\/2020\/05\/Colette-mesure-v\u00eatement-fini-200x56.png 200w, https:\/\/camimade.com\/fr\/wp-content\/uploads\/sites\/2\/2020\/05\/Colette-mesure-v\u00eatement-fini.png 1859w\" sizes=\"auto, (max-width: 630px) 100vw, 630px\" \/><\/p>\n<p>*\u00a0La taille empire se trouve au niveau de la cage thoracique.<br \/>\n**\u00a0Longueur prise au milieu devant entre l\u2019encolure et la ceinture (en l\u2019excluant)<br \/>\n*** Longueur prise au milieu devant entre l\u2019encolure et l\u2019ourlet (une fois cousu)<\/p>\n<h2>Mes mensurations<\/h2>\n<p>Tour de poitrine 84cm &#8211; cage thoracique 77cm &#8211; tour de taille 78cm &#8211; tour de hanches 91cm &#8211; stature\u00a01,58m. J&#8217;ai cousu la taille B pour tous les mod\u00e8les, sans modifications.<\/p>\n<h2>Tissu conseill\u00e9s et m\u00e9trages (m)<\/h2>\n<p>Tissu l\u00e9ger \u00e0 moyennement \u00e9pais : lin souple, popeline de coton, linon de coton, satin de coton, seersucker, cr\u00eape de soie, etc.<span class=\"Apple-converted-space\">\u00a0<\/span><\/p>\n<p><strong>Robe<\/strong><\/p>\n<ul>\n<li><span style=\"text-decoration: underline;\">en 150cm de large :<\/span>\u00a01,90m (tailles A &#8211; D) ou 3m (tailles E &#8211; H)<\/li>\n<li><span style=\"text-decoration: underline;\">ou en 115cm de large :<\/span>\u00a03,60m (toutes tailles)<\/li>\n<\/ul>\n<p><strong>Blouse<\/strong><\/p>\n<ul>\n<li><span style=\"text-decoration: underline;\">en 150cm de large :<\/span>\u00a01,40m (tailles A &#8211; D) ou 1,90m (tailles E &#8211; H)<\/li>\n<li><span style=\"text-decoration: underline;\">ou en 115cm de large :<\/span>\u00a02,50m (toutes tailles)<\/li>\n<\/ul>\n<h2>Fournitures<\/h2>\n<ul>\n<li>&#8211;\u00a04 boutons de 1,5cm de diam\u00e8tre<\/li>\n<li>&#8211;\u00a0Une fermeture \u00e0 glissi\u00e8re invisible de minimum 40cm<\/li>\n<li>&#8211;\u00a0De l\u2019entoilage plus l\u00e9ger que le tissu choisi : 110cm x 60cm<\/li>\n<\/ul>\n<h2>Ressources<\/h2>\n<p><a href=\"https:\/\/camimade.com\/fr\/conseils-pour-coudre-le-patron-colette\/\"><span style=\"text-decoration: underline;\"><strong>&gt;&gt; Astuces pour coudre le patron Colette<\/strong><\/span><\/a><\/p>\n<p><a href=\"https:\/\/camimade.com\/fr\/un-patron-de-robe-ideale-pour-lete\/\"><span style=\"text-decoration: underline;\"><strong>&gt;&gt; Comment j&#8217;ai cr\u00e9\u00e9 le patron Colette<\/strong><\/span><\/a><\/p>\n<p><a href=\"https:\/\/camimade.com\/fr\/ajouter-des-poches-sur-une-robe\/\"><span style=\"text-decoration: underline;\"><strong>&gt;&gt; Comment ajouter des poches cach\u00e9es sur la robe Colette\u00a0<\/strong><\/span><\/a><\/p>\n","protected":false},"excerpt":{"rendered":"<p>Colette est la robe longue id\u00e9ale pour l\u2019\u00e9t\u00e9. Elle offre un confort absolu avec sa coupe empire ample, ses manches larges et son col bateau. Colette est \u00e9l\u00e9gante et d\u00e9contract\u00e9e avec des plis de part et d\u2019autre de sa ceinture, et des boutons sur le devant de son corsage. Le patron se d\u00e9cline \u00e9galement en blouse, une option intemporelle qui se porte au quotidien. Quelle que soit la version que vous choisissez, pr\u00e9parez vos lunettes de soleil, votre chapeau de paille et vos sandales !<span class=\"Apple-converted-space\">\u00a0<\/span><\/p>\n<p>Le patron inclut :<\/p>\n<ul>\n<li>le patron en A4 (32 pages) ;<\/li>\n<li>le patron en A0 (2 pages) ;<\/li>\n<li>le guide d&#8217;instructions pas\u00a0\u00e0 pas avec des illustrations d\u00e9taill\u00e9es et peintes \u00e0 la main (12 pages).<\/li>\n<\/ul>\n<p>Les PDF permettent de s\u00e9lectionner la ou les tailles souhait\u00e9es pour l&#8217;impression, gr\u00e2ce \u00e0 l&#8217;option &#8220;calque&#8221; d&#8217;Adobe Acrobat Reader.<\/p>\n","protected":false},"featured_media":19222,"comment_status":"closed","ping_status":"closed","template":"","meta":[],"product_brand":[],"product_cat":[63],"product_tag":[],"class_list":{"0":"post-18460","1":"product","2":"type-product","3":"status-publish","4":"has-post-thumbnail","6":"product_cat-patron-pdf","7":"pa_collections-anita","8":"pa_format-de-patron-patron-pdf","9":"pa_type-de-patron-robes","10":"pa_type-de-patron-tops","12":"first","13":"instock","14":"downloadable","15":"virtual","16":"purchasable","17":"product-type-simple"},"_links":{"self":[{"href":"https:\/\/camimade.com\/fr\/wp-json\/wp\/v2\/product\/18460","targetHints":{"allow":["GET"]}}],"collection":[{"href":"https:\/\/camimade.com\/fr\/wp-json\/wp\/v2\/product"}],"about":[{"href":"https:\/\/camimade.com\/fr\/wp-json\/wp\/v2\/types\/product"}],"replies":[{"embeddable":true,"href":"https:\/\/camimade.com\/fr\/wp-json\/wp\/v2\/comments?post=18460"}],"wp:featuredmedia":[{"embeddable":true,"href":"https:\/\/camimade.com\/fr\/wp-json\/wp\/v2\/media\/19222"}],"wp:attachment":[{"href":"https:\/\/camimade.com\/fr\/wp-json\/wp\/v2\/media?parent=18460"}],"wp:term":[{"taxonomy":"product_brand","embeddable":true,"href":"https:\/\/camimade.com\/fr\/wp-json\/wp\/v2\/product_brand?post=18460"},{"taxonomy":"product_cat","embeddable":true,"href":"https:\/\/camimade.com\/fr\/wp-json\/wp\/v2\/product_cat?post=18460"},{"taxonomy":"product_tag","embeddable":true,"href":"https:\/\/camimade.com\/fr\/wp-json\/wp\/v2\/product_tag?post=18460"}],"curies":[{"name":"wp","href":"https:\/\/api.w.org\/{rel}","templated":true}]}}