{"id":18663,"date":"2020-06-10T17:19:14","date_gmt":"2020-06-10T17:19:14","guid":{"rendered":"https:\/\/camimade.com\/fr\/?post_type=product&#038;p=18663"},"modified":"2025-01-17T17:08:04","modified_gmt":"2025-01-17T17:08:04","slug":"patron-de-robe-et-blouse-paulette","status":"publish","type":"product","link":"https:\/\/camimade.com\/fr\/boutique\/patron-de-robe-et-blouse-paulette\/","title":{"rendered":"Patron de robe et blouse &#8211; PAULETTE"},"content":{"rendered":"<h2>Niveau : interm\u00e9diaire<\/h2>\n<p>Paulette est un patron de niveau interm\u00e9diaire. Le corsage est pr\u00eat du corps et pourra n\u00e9cessiter un ajustement en fonction de votre taille de poitrine.<span class=\"Apple-converted-space\">\u00a0Attacher le col Claudine et le montage de la doublure sur le\u00a0corsage\u00a0sont les \u00e9l\u00e9ments les plus d\u00e9licats \u00e0 coudre.\u00a0<\/span><\/p>\n<p>Un glossaire est disponible pour vous accompagner dans votre couture : <span style=\"text-decoration: underline;\"><strong><a href=\"http:\/\/www.camimade.com\/fr\/glossaire\/\">www.camimade.com\/fr\/glossaire\/<\/a><\/strong><\/span>. <span class=\"Apple-converted-space\">\u00a0<\/span><\/p>\n<h2>Tableau des mesures (cm)<\/h2>\n<p><img loading=\"lazy\" decoding=\"async\" class=\"alignnone wp-image-18677\" src=\"https:\/\/camimade.com\/fr\/wp-content\/uploads\/sites\/2\/2020\/06\/Tableau-des-mesures-Paulette-480x112.png\" alt=\"\" width=\"630\" height=\"147\" srcset=\"https:\/\/camimade.com\/fr\/wp-content\/uploads\/sites\/2\/2020\/06\/Tableau-des-mesures-Paulette-480x112.png 480w, https:\/\/camimade.com\/fr\/wp-content\/uploads\/sites\/2\/2020\/06\/Tableau-des-mesures-Paulette-768x179.png 768w, https:\/\/camimade.com\/fr\/wp-content\/uploads\/sites\/2\/2020\/06\/Tableau-des-mesures-Paulette-722x168.png 722w, https:\/\/camimade.com\/fr\/wp-content\/uploads\/sites\/2\/2020\/06\/Tableau-des-mesures-Paulette-1280x298.png 1280w, https:\/\/camimade.com\/fr\/wp-content\/uploads\/sites\/2\/2020\/06\/Tableau-des-mesures-Paulette-1000x233.png 1000w, https:\/\/camimade.com\/fr\/wp-content\/uploads\/sites\/2\/2020\/06\/Tableau-des-mesures-Paulette-600x140.png 600w, https:\/\/camimade.com\/fr\/wp-content\/uploads\/sites\/2\/2020\/06\/Tableau-des-mesures-Paulette-200x47.png 200w, https:\/\/camimade.com\/fr\/wp-content\/uploads\/sites\/2\/2020\/06\/Tableau-des-mesures-Paulette.png 1859w\" sizes=\"auto, (max-width: 630px) 100vw, 630px\" \/><\/p>\n<p>Stature : 1,65m<br \/>\nLe patron est fait \u00e0 partir d\u2019une taille de bonnet B.<\/p>\n<h2>Mesures du v\u00eatement fini (cm)<\/h2>\n<p><img loading=\"lazy\" decoding=\"async\" class=\"alignnone wp-image-18676\" src=\"https:\/\/camimade.com\/fr\/wp-content\/uploads\/sites\/2\/2020\/06\/Mesures-du-v\u00eatement-fini-Paulette-480x155.png\" alt=\"\" width=\"630\" height=\"204\" srcset=\"https:\/\/camimade.com\/fr\/wp-content\/uploads\/sites\/2\/2020\/06\/Mesures-du-v\u00eatement-fini-Paulette-480x155.png 480w, https:\/\/camimade.com\/fr\/wp-content\/uploads\/sites\/2\/2020\/06\/Mesures-du-v\u00eatement-fini-Paulette-768x248.png 768w, https:\/\/camimade.com\/fr\/wp-content\/uploads\/sites\/2\/2020\/06\/Mesures-du-v\u00eatement-fini-Paulette-722x233.png 722w, https:\/\/camimade.com\/fr\/wp-content\/uploads\/sites\/2\/2020\/06\/Mesures-du-v\u00eatement-fini-Paulette-1280x414.png 1280w, https:\/\/camimade.com\/fr\/wp-content\/uploads\/sites\/2\/2020\/06\/Mesures-du-v\u00eatement-fini-Paulette-1000x323.png 1000w, https:\/\/camimade.com\/fr\/wp-content\/uploads\/sites\/2\/2020\/06\/Mesures-du-v\u00eatement-fini-Paulette-600x194.png 600w, https:\/\/camimade.com\/fr\/wp-content\/uploads\/sites\/2\/2020\/06\/Mesures-du-v\u00eatement-fini-Paulette-200x65.png 200w, https:\/\/camimade.com\/fr\/wp-content\/uploads\/sites\/2\/2020\/06\/Mesures-du-v\u00eatement-fini-Paulette.png 1859w\" sizes=\"auto, (max-width: 630px) 100vw, 630px\" \/><\/p>\n<p>*\u00a0La taille empire se trouve au niveau de la cage thoracique.<br \/>\n**\u00a0Longueur prise au milieu devant entre l\u2019encolure et la ceinture (en l\u2019excluant)<br \/>\n*** Longueur prise au milieu devant entre l\u2019encolure et l\u2019ourlet (une fois cousu)<\/p>\n<h2>Mes mensurations<\/h2>\n<p>Tour de poitrine 84cm &#8211; cage thoracique 77cm &#8211; tour de taille 85cm &#8211; tour de hanches 91cm &#8211; stature\u00a01,58m. J&#8217;ai cousu tous les mod\u00e8les en taille B.<\/p>\n<h2>Tissu conseill\u00e9s et m\u00e9trages<\/h2>\n<p><strong>Tissu principal\u00a0<\/strong><\/p>\n<p>Tissu l\u00e9ger avec une bonne fluidit\u00e9 comme du cr\u00eape, du viscose ou de la rayonne. Vous pouvez aussi opter une mati\u00e8re plus stable mais qui garde une certaine fluidit\u00e9 comme le linon de coton ou le satin de coton.<\/p>\n<ul>\n<li><span style=\"text-decoration: underline;\">Robe :<\/span>\u00a02,50m en 150cm de large ou 2,70m en 115cm de large<\/li>\n<li><span style=\"text-decoration: underline;\">Blouse :<\/span>\u00a01,70m en 150cm de lage ou 1,90m en 115cm de large<\/li>\n<\/ul>\n<p><strong>Doublure\u00a0<\/strong><\/p>\n<p>Tissu l\u00e9ger et stable type voile de coton. La doublure sera utilis\u00e9e pour doubler le corsage, et si votre tissu principal est l\u00e9g\u00e8rement \u00e9pais, elle sera \u00e9galement utilis\u00e9e pour le dessous de col.<span class=\"Apple-converted-space\">\u00a0<\/span><\/p>\n<ul>\n<li><span style=\"text-decoration: underline;\">Robe et blouse :<\/span>\u00a050cm en 150cm de large (+30cm pour le\u00a0dessous de col) ou 80cm en 115cm de large<\/li>\n<\/ul>\n<p><strong>Les mod\u00e8les pr\u00e9sent\u00e9s en photo<\/strong><\/p>\n<p>J&#8217;ai cousu la robe dans un coton &amp; poly textur\u00e9. Quant \u00e0 la blouse, je l&#8217;ai cousue dans un cr\u00eape de viscose Atelier Brunette. J&#8217;ai utilis\u00e9 du voile de coton pour les doublures.<\/p>\n<h2>Fournitures<\/h2>\n<ul>\n<li>&#8211;\u00a0Une fermeture \u00e0 glissi\u00e8re invisible d\u2019environ 30-40cm<\/li>\n<li>&#8211; De l\u2019entoilage plus l\u00e9ger que le tissu choisi pour le col : 40 x 70 cm<\/li>\n<li>&#8211; Du biais de 1-2cm de large pour finir le bas des manches : 2 x 40cm (vous pouvez avoir besoin de moins en longueur selon votre taille). Ce peut \u00eatre du biais d\u00e9j\u00e0 tout fait ou coup\u00e9 dans du tissu par vos soins.<span class=\"Apple-converted-space\">\u00a0<\/span><\/li>\n<li>&#8211; Pour fermer le col, un bouton de 0,5cm,\u00a0si c\u2019est l\u2019option choisie (autre option : avec des liens).<\/li>\n<\/ul>\n<h2>Ressources<\/h2>\n<p><a href=\"https:\/\/camimade.com\/fr\/conseils-pour-coudre-le-patron-paulette\/\"><span style=\"text-decoration: underline;\"><strong>&gt;&gt; Conseils pour coudre Paulette<\/strong><\/span><\/a><\/p>\n<p><a href=\"https:\/\/camimade.com\/fr\/robe-et-blouse-a-maxi-col-claudine-patron-paulette\/\"><span style=\"text-decoration: underline;\"><strong>&gt;&gt; La gen\u00e8se du patron Paulette<\/strong><\/span><\/a><\/p>\n<p><a href=\"https:\/\/camimade.com\/fr\/ajouter-des-poches-sur-une-robe\/\"><span style=\"text-decoration: underline;\"><strong>&gt;&gt; Ajouter des poches cach\u00e9es sur<\/strong><\/span> <span style=\"text-decoration: underline;\"><strong>la robe <\/strong><\/span><span style=\"text-decoration: underline;\"><strong>Paulette<\/strong><\/span><\/a><\/p>\n","protected":false},"excerpt":{"rendered":"<p>Paulette est la robe \/ blouse col Claudine par excellence ! Inspir\u00e9e par une des robes de ma grand-m\u00e8re, c&#8217;est une belle robe \/ blouse f\u00e9minine et vintage pour les grandes (et les moins grandes) occasions. Ce mod\u00e8le est id\u00e9al pour les femmes enceintes gr\u00e2ce \u00e0 sa magnifique ligne empire. Paulette pr\u00e9sente un col Claudine maxi, un d\u00e9collet\u00e9 \u00e9l\u00e9gant, des mancherons l\u00e9gers, et une jupe fronc\u00e9e. Elle se ferme sur le c\u00f4t\u00e9 gr\u00e2ce \u00e0 un zip invisible.<\/p>\n<p>Le patron inclut :<\/p>\n<ul>\n<li>le patron en A4 (24 pages) ;<\/li>\n<li>le patron en A0 (2 pages) ;<\/li>\n<li>le guide d&#8217;instructions pas\u00a0\u00e0 pas avec des illustrations d\u00e9taill\u00e9es et peintes \u00e0 la main (12 pages).<\/li>\n<\/ul>\n<p>Les PDF permettent de s\u00e9lectionner la ou les tailles souhait\u00e9es pour l&#8217;impression, gr\u00e2ce \u00e0 l&#8217;option &#8220;calque&#8221; d&#8217;Adobe Acrobat Reader.<\/p>\n","protected":false},"featured_media":18665,"comment_status":"closed","ping_status":"closed","template":"","meta":[],"product_brand":[],"product_cat":[63],"product_tag":[],"class_list":{"0":"post-18663","1":"product","2":"type-product","3":"status-publish","4":"has-post-thumbnail","6":"product_cat-patron-pdf","7":"pa_collections-anita","8":"pa_format-de-patron-patron-pdf","9":"pa_type-de-patron-robes","10":"pa_type-de-patron-tops","12":"first","13":"instock","14":"downloadable","15":"virtual","16":"purchasable","17":"product-type-simple"},"_links":{"self":[{"href":"https:\/\/camimade.com\/fr\/wp-json\/wp\/v2\/product\/18663","targetHints":{"allow":["GET"]}}],"collection":[{"href":"https:\/\/camimade.com\/fr\/wp-json\/wp\/v2\/product"}],"about":[{"href":"https:\/\/camimade.com\/fr\/wp-json\/wp\/v2\/types\/product"}],"replies":[{"embeddable":true,"href":"https:\/\/camimade.com\/fr\/wp-json\/wp\/v2\/comments?post=18663"}],"wp:featuredmedia":[{"embeddable":true,"href":"https:\/\/camimade.com\/fr\/wp-json\/wp\/v2\/media\/18665"}],"wp:attachment":[{"href":"https:\/\/camimade.com\/fr\/wp-json\/wp\/v2\/media?parent=18663"}],"wp:term":[{"taxonomy":"product_brand","embeddable":true,"href":"https:\/\/camimade.com\/fr\/wp-json\/wp\/v2\/product_brand?post=18663"},{"taxonomy":"product_cat","embeddable":true,"href":"https:\/\/camimade.com\/fr\/wp-json\/wp\/v2\/product_cat?post=18663"},{"taxonomy":"product_tag","embeddable":true,"href":"https:\/\/camimade.com\/fr\/wp-json\/wp\/v2\/product_tag?post=18663"}],"curies":[{"name":"wp","href":"https:\/\/api.w.org\/{rel}","templated":true}]}}