{"id":18786,"date":"2020-07-28T13:44:19","date_gmt":"2020-07-28T13:44:19","guid":{"rendered":"https:\/\/camimade.com\/fr\/?post_type=product&#038;p=18786"},"modified":"2023-09-21T11:33:08","modified_gmt":"2023-09-21T11:33:08","slug":"debardeur-dune-pantalon-mirage","status":"publish","type":"product","link":"https:\/\/camimade.com\/fr\/boutique\/debardeur-dune-pantalon-mirage\/","title":{"rendered":"Lot d\u00e9bardeur DUNE &#038; pantalon MIRAGE"},"content":{"rendered":"<h2>Ce que vous achetez<\/h2>\n<p>Les patrons Dune et Mirage sont au format PDF et incluent chacun :<\/p>\n<ul>\n<li>le patron en A4 (15 pages pour Dune, 18 pages pour Mirage) ;<\/li>\n<li>le patron en A0 (1 page chacun) ;<\/li>\n<li>le guide d\u2019instructions pas\u00a0\u00e0 pas avec des illustrations d\u00e9taill\u00e9es et peintes \u00e0 la main (8 pages pour Dune, 7 pages pour Mirage).<\/li>\n<\/ul>\n<p>Les PDF permettent de s\u00e9lectionner la ou les tailles souhait\u00e9es pour l\u2019impression, gr\u00e2ce \u00e0 l\u2019option \u00ab\u00a0calque\u00a0\u00bb d\u2019Adobe Acrobat Reader.<\/p>\n<h2>Niveau : d\u00e9butant<\/h2>\n<p>Dune et Mirage sont des patrons de niveau d\u00e9butant.<\/p>\n<h2>Tableau des mesures (cm)<\/h2>\n<p><img loading=\"lazy\" decoding=\"async\" class=\"alignnone wp-image-18160\" src=\"https:\/\/camimade.com\/fr\/wp-content\/uploads\/sites\/2\/2015\/03\/Tableau-des-mesures-Dune-480x95.png\" alt=\"\" width=\"630\" height=\"124\" \/><\/p>\n<p>Stature : 1,65m \/\u00a0Dune est fait \u00e0 partir d&#8217;une taille de bonnet B.<\/p>\n<h2>Mes mensurations<\/h2>\n<p>84 &#8211; 68 &#8211; 92, \u00a01,58cm. Je porte la taille B.<\/p>\n<h2>Dune<\/h2>\n<h3>Mesures du v\u00eatement fini (cm)<\/h3>\n<p><img loading=\"lazy\" decoding=\"async\" class=\"alignnone wp-image-18159\" src=\"https:\/\/camimade.com\/fr\/wp-content\/uploads\/sites\/2\/2015\/03\/Mesures-du-v\u00eatement-fini-Dune-480x96.png\" alt=\"\" width=\"630\" height=\"126\" \/><\/p>\n<p>Longueur du d\u00e9collet\u00e9 \u00e0 l&#8217;ourlet : 43cm pour le d\u00e9bardeur, 71cm pour la robe.<\/p>\n<h3>Tissu n\u00e9cessaire (m)<\/h3>\n<p>Version #1, d\u00e9bardeur :<\/p>\n<ul>\n<li>&#8211; en 150cm de large: 0,90m (tailles A \u00e0 D) ou 1,20m (tailles E \u00e0 H)<\/li>\n<li>&#8211; ou en 115cm de large: 1,40m<\/li>\n<\/ul>\n<p>Version #2, robe :<\/p>\n<ul>\n<li>&#8211; en 150cm de large: 1,10m (tailles A \u00e0 C) ou 1,70m (tailles D \u00e0 H)<\/li>\n<li>&#8211; ou en 115cm de large: 1,90m<\/li>\n<\/ul>\n<h3>Tissus conseill\u00e9s et fournitures<\/h3>\n<ul>\n<li>&#8211; Tissus l\u00e9gers et fluides tels que\u00a0: coton l\u00e9ger, lin, cr\u00eape de chine, soie, rayonne, satin, etc.\u00a0Les mod\u00e8les pr\u00e9sent\u00e9s en photo ont \u00e9t\u00e9 r\u00e9alis\u00e9s en soie, cr\u00eape et coton l\u00e9ger.<\/li>\n<li>&#8211; Entoilage plus l\u00e9ger que le tissu choisi, pour la parementure (environ 30 cm x 70 cm).<\/li>\n<li>&#8211; Ou biais si vous souhaitez finir l\u2019encolure avec du biais \u00e0 la place de la parementure.<\/li>\n<li>&#8211; Ruban si vous souhaitez faire des bretelles en ruban.<\/li>\n<\/ul>\n<h2>Mirage<\/h2>\n<h3>Mesures du v\u00eatement fini (cm)<\/h3>\n<p><img loading=\"lazy\" decoding=\"async\" class=\"alignnone wp-image-18161\" src=\"https:\/\/camimade.com\/fr\/wp-content\/uploads\/sites\/2\/2015\/03\/Mesures-du-v\u00eatement-fini-Mirage-480x128.png\" alt=\"\" width=\"630\" height=\"168\" srcset=\"https:\/\/camimade.com\/fr\/wp-content\/uploads\/sites\/2\/2015\/03\/Mesures-du-v\u00eatement-fini-Mirage-480x128.png 480w, https:\/\/camimade.com\/fr\/wp-content\/uploads\/sites\/2\/2015\/03\/Mesures-du-v\u00eatement-fini-Mirage-768x205.png 768w, https:\/\/camimade.com\/fr\/wp-content\/uploads\/sites\/2\/2015\/03\/Mesures-du-v\u00eatement-fini-Mirage-722x193.png 722w, https:\/\/camimade.com\/fr\/wp-content\/uploads\/sites\/2\/2015\/03\/Mesures-du-v\u00eatement-fini-Mirage-1280x342.png 1280w, https:\/\/camimade.com\/fr\/wp-content\/uploads\/sites\/2\/2015\/03\/Mesures-du-v\u00eatement-fini-Mirage-1000x267.png 1000w, https:\/\/camimade.com\/fr\/wp-content\/uploads\/sites\/2\/2015\/03\/Mesures-du-v\u00eatement-fini-Mirage-600x160.png 600w, https:\/\/camimade.com\/fr\/wp-content\/uploads\/sites\/2\/2015\/03\/Mesures-du-v\u00eatement-fini-Mirage-200x53.png 200w, https:\/\/camimade.com\/fr\/wp-content\/uploads\/sites\/2\/2015\/03\/Mesures-du-v\u00eatement-fini-Mirage.png 1781w\" sizes=\"auto, (max-width: 630px) 100vw, 630px\" \/><\/p>\n<p>* Le pantalon portefeuille se compose de deux panneaux et s&#8217;attache avec deux ceintures.<br \/>\n** Longueur entre la ceinture et l&#8217;ourlet<\/p>\n<h3>Tissu n\u00e9cessaire (m)<\/h3>\n<p>Version #1, jupe culotte :<\/p>\n<ul>\n<li>&#8211; en 150cm de large : 2,20m (tailles A &#8211; B), ou 2,30m (C &#8211; E), ou 2,40m (F -H)<\/li>\n<li>&#8211; ou en 115cm de large: 2,50m (A &#8211; C), ou 2,60m (D &#8211; E)<\/li>\n<\/ul>\n<p>Version #2, pantalon :<\/p>\n<ul>\n<li>&#8211; en 150cm de large : 2,60m (A &#8211; B), ou 2,70m (C &#8211; G), ou 2,80m (H)<\/li>\n<li>&#8211; ou en 115cm de large : 2,90m (A &#8211; B), ou 3m (C &#8211; E)<\/li>\n<\/ul>\n<h3>Tissus conseill\u00e9s et fournitures<\/h3>\n<ul>\n<li>&#8211; Tissus peu \u00e0 moyennement \u00e9pais tels que\u00a0: coton, lin, viscose, ou cr\u00eape.\u00a0Les mod\u00e8les pr\u00e9sent\u00e9s en photo ont \u00e9t\u00e9 r\u00e9alis\u00e9s en lin.<\/li>\n<li>&#8211; Entoilage plus l\u00e9ger que le tissu choisi pour la ceinture (environ 1m x 10cm).<\/li>\n<\/ul>\n<h2>Ressources<\/h2>\n<p><span style=\"text-decoration: underline;\"><strong><a href=\"https:\/\/camimade.com\/fr\/un-patron-de-debardeur-simple-et-facile-a-coudre\/\">&gt;&gt; Conseils et inspiration pour coudre le patron Dune<\/a><\/strong><\/span><\/p>\n<p><span style=\"text-decoration: underline;\"><strong><a href=\"https:\/\/camimade.com\/fr\/un-hack-pour-le-debardeur-dune\/\">&gt;&gt; Un &#8220;hack&#8221; simple de Dune<\/a><\/strong><\/span><\/p>\n<p><a href=\"https:\/\/camimade.com\/fr\/patron-de-pantalon-simple-et-confortable\/\"><strong><span style=\"text-decoration: underline;\">&gt;&gt; Conseils et inspiration pour coudre le patron Mirage<\/span><\/strong><\/a><\/p>\n","protected":false},"excerpt":{"rendered":"<p>Ce que vous achetez Les patrons Dune et Mirage sont au format PDF et incluent chacun : le patron en A4 (15 pages pour Dune, 18 pages pour Mirage) ; le patron en A0 (1 page chacun) ; le guide d\u2019instructions pas\u00a0\u00e0 pas avec des illustrations d\u00e9taill\u00e9es et peintes \u00e0 la main (8 pages pour Dune, 7 pages pour Mirage). [&hellip;]<\/p>\n","protected":false},"featured_media":18112,"comment_status":"closed","ping_status":"closed","template":"","meta":[],"product_brand":[],"product_cat":[63],"product_tag":[],"class_list":{"0":"post-18786","1":"product","2":"type-product","3":"status-publish","4":"has-post-thumbnail","6":"product_cat-patron-pdf","7":"pa_collections-collection-desert","8":"pa_format-de-patron-patron-pdf","9":"pa_type-de-patron-lots","10":"pa_type-de-patron-pantalons","11":"pa_type-de-patron-robes","12":"pa_type-de-patron-tops","14":"first","15":"instock","16":"sale","17":"downloadable","18":"virtual","19":"purchasable","20":"product-type-simple"},"_links":{"self":[{"href":"https:\/\/camimade.com\/fr\/wp-json\/wp\/v2\/product\/18786","targetHints":{"allow":["GET"]}}],"collection":[{"href":"https:\/\/camimade.com\/fr\/wp-json\/wp\/v2\/product"}],"about":[{"href":"https:\/\/camimade.com\/fr\/wp-json\/wp\/v2\/types\/product"}],"replies":[{"embeddable":true,"href":"https:\/\/camimade.com\/fr\/wp-json\/wp\/v2\/comments?post=18786"}],"wp:featuredmedia":[{"embeddable":true,"href":"https:\/\/camimade.com\/fr\/wp-json\/wp\/v2\/media\/18112"}],"wp:attachment":[{"href":"https:\/\/camimade.com\/fr\/wp-json\/wp\/v2\/media?parent=18786"}],"wp:term":[{"taxonomy":"product_brand","embeddable":true,"href":"https:\/\/camimade.com\/fr\/wp-json\/wp\/v2\/product_brand?post=18786"},{"taxonomy":"product_cat","embeddable":true,"href":"https:\/\/camimade.com\/fr\/wp-json\/wp\/v2\/product_cat?post=18786"},{"taxonomy":"product_tag","embeddable":true,"href":"https:\/\/camimade.com\/fr\/wp-json\/wp\/v2\/product_tag?post=18786"}],"curies":[{"name":"wp","href":"https:\/\/api.w.org\/{rel}","templated":true}]}}