{"id":19330,"date":"2021-12-15T10:59:22","date_gmt":"2021-12-15T10:59:22","guid":{"rendered":"https:\/\/camimade.com\/fr\/?post_type=product&#038;p=19330"},"modified":"2025-01-17T17:05:08","modified_gmt":"2025-01-17T17:05:08","slug":"patron-de-jupe-midi","status":"publish","type":"product","link":"https:\/\/camimade.com\/fr\/boutique\/patron-de-jupe-midi\/","title":{"rendered":"Patron de jupe midi &#8211; AVERSE"},"content":{"rendered":"<h2>Niveau : interm\u00e9diaire<\/h2>\n<p>Averse pr\u00e9sente une fermeture \u00e0 glissi\u00e8re invisible et des coutures dans des courbes.<span class=\"Apple-converted-space\">\u00a0La d\u00e9coupe demande un peu d&#8217;exp\u00e9rience avec le maniement des tissus.\u00a0<\/span><\/p>\n<p>Un glossaire est disponible pour vous accompagner dans votre couture : <span style=\"text-decoration: underline;\"><strong><a href=\"http:\/\/www.camimade.com\/fr\/glossaire\/\">www.camimade.com\/fr\/glossaire\/<\/a><\/strong><\/span>. <span class=\"Apple-converted-space\">\u00a0<\/span><\/p>\n<h2>Tableau des mesures (cm)<\/h2>\n<p><img loading=\"lazy\" decoding=\"async\" class=\"alignnone wp-image-19360\" src=\"https:\/\/camimade.com\/fr\/wp-content\/uploads\/sites\/2\/2021\/12\/Tableau-des-mesures-Averse-480x68.png\" alt=\"\" width=\"630\" height=\"89\" srcset=\"https:\/\/camimade.com\/fr\/wp-content\/uploads\/sites\/2\/2021\/12\/Tableau-des-mesures-Averse-480x68.png 480w, https:\/\/camimade.com\/fr\/wp-content\/uploads\/sites\/2\/2021\/12\/Tableau-des-mesures-Averse-722x102.png 722w, https:\/\/camimade.com\/fr\/wp-content\/uploads\/sites\/2\/2021\/12\/Tableau-des-mesures-Averse-768x108.png 768w, https:\/\/camimade.com\/fr\/wp-content\/uploads\/sites\/2\/2021\/12\/Tableau-des-mesures-Averse-600x85.png 600w, https:\/\/camimade.com\/fr\/wp-content\/uploads\/sites\/2\/2021\/12\/Tableau-des-mesures-Averse-200x28.png 200w, https:\/\/camimade.com\/fr\/wp-content\/uploads\/sites\/2\/2021\/12\/Tableau-des-mesures-Averse.png 930w\" sizes=\"auto, (max-width: 630px) 100vw, 630px\" \/><\/p>\n<p>Stature : 1,65m<\/p>\n<h2>Mesures du v\u00eatement fini (cm)<\/h2>\n<p><img loading=\"lazy\" decoding=\"async\" class=\"alignnone wp-image-19359\" src=\"https:\/\/camimade.com\/fr\/wp-content\/uploads\/sites\/2\/2021\/12\/Mesures-du-vetement-fini-Averse-480x92.png\" alt=\"\" width=\"630\" height=\"121\" srcset=\"https:\/\/camimade.com\/fr\/wp-content\/uploads\/sites\/2\/2021\/12\/Mesures-du-vetement-fini-Averse-480x92.png 480w, https:\/\/camimade.com\/fr\/wp-content\/uploads\/sites\/2\/2021\/12\/Mesures-du-vetement-fini-Averse-722x138.png 722w, https:\/\/camimade.com\/fr\/wp-content\/uploads\/sites\/2\/2021\/12\/Mesures-du-vetement-fini-Averse-768x147.png 768w, https:\/\/camimade.com\/fr\/wp-content\/uploads\/sites\/2\/2021\/12\/Mesures-du-vetement-fini-Averse-600x115.png 600w, https:\/\/camimade.com\/fr\/wp-content\/uploads\/sites\/2\/2021\/12\/Mesures-du-vetement-fini-Averse-200x38.png 200w, https:\/\/camimade.com\/fr\/wp-content\/uploads\/sites\/2\/2021\/12\/Mesures-du-vetement-fini-Averse.png 930w\" sizes=\"auto, (max-width: 630px) 100vw, 630px\" \/><\/p>\n<h2>Mes mensurations<\/h2>\n<p>Tour de taille 68cm &#8211; tour de hanches 91cm &#8211; stature\u00a01,58m. J&#8217;ai cousu tous les mod\u00e8les en taille B.<\/p>\n<h2>Tissu conseill\u00e9s et m\u00e9trages<\/h2>\n<p>Tissu cha\u00eene et trame moyennement \u00e9pais \u00e0 fin avec un beau tombant : viscose, modal, lin, linon de coton, chambray.<\/p>\n<p><em>\u00c9vitez les tissus avec motifs avec sens, car la jupe en cercle \u00e9tant coup\u00e9e en long et en large changera le sens des motifs \u00e0 plusieurs endroits de la jupe.<span class=\"Apple-converted-space\">\u00a0<\/span><\/em><\/p>\n<p><em>\u00c9vitez les tissus extensibles.<\/em><\/p>\n<ul>\n<li><span style=\"text-decoration: underline;\">Jupe longueur genou :<\/span>\u00a01,80m en 150cm de large ou 2,40m en 115cm de large<\/li>\n<li><span style=\"text-decoration: underline;\">Jupe longueur midi :<\/span>\u00a02,50m en 150cm de lage ou 3,30m en 115cm de large<\/li>\n<\/ul>\n<p><strong>Les mod\u00e8les pr\u00e9sent\u00e9s en photo<\/strong><\/p>\n<p>J&#8217;ai cousu la jupe beige en lin, achet\u00e9 sur Etsy. J&#8217;ai fait la jupe khaki en Tencel twill achet\u00e9 chez <strong><span style=\"text-decoration: underline;\"><a href=\"https:\/\/sewmesunshine.co.uk\">Sew me Sunshine<\/a><\/span><\/strong>. Et la jupe midi \u00e0 pois est en viscose, achet\u00e9 chez <span style=\"text-decoration: underline;\"><strong><a href=\"https:\/\/www.rainbowfabrics.co.uk\">Rainbow Fabric Kilburn<\/a><\/strong><\/span>.<\/p>\n<h2>Fournitures &amp; outils<\/h2>\n<ul>\n<li>&#8211; 1 fermeture \u00e0 glissi\u00e8re invisible d&#8217;environ 20cm<\/li>\n<li>&#8211; De l\u2019entoilage pour les pi\u00e8ces de ceinture<\/li>\n<li>&#8211; Id\u00e9alement un arrondisseur de jupe pour \u00e9galiser la longueur en fin de projet mais ce n&#8217;est pas indispensable<\/li>\n<\/ul>\n","protected":false},"excerpt":{"rendered":"<p>Averse est une jupe cercle avec des d\u00e9coupes qui suivent les courbes des hanches. Le tomb\u00e9 du tissu donne l&#8217;illusion de nombreux plis et cr\u00e9e un magnifique mouvement. La jupe est maintenue \u00e0 la taille gr\u00e2ce \u00e0 une ceinture incurv\u00e9e et s\u2019attache avec une fermeture \u00e0 glissi\u00e8re invisible. Vous avez le choix entre longueur genou ou longueur midi (pour une stature de base de 1,65m).<\/p>\n<p>Le patron est au format PDF et inclut :<\/p>\n<ul>\n<li>&#8211; le format A4 (30 pages) ;<\/li>\n<li>&#8211; le format A0 (2 pages) ;<\/li>\n<li>&#8211; le guide d\u2019instructions pas\u00a0\u00e0 pas avec des illustrations d\u00e9taill\u00e9es et peintes \u00e0 la main (8 pages).<\/li>\n<\/ul>\n<p>Les PDF permettent de s\u00e9lectionner la ou les tailles souhait\u00e9es pour l\u2019impression, gr\u00e2ce \u00e0 l\u2019option \u00ab\u00a0calque\u00a0\u00bb d\u2019Adobe Acrobat Reader. Plus d&#8217;infos sur cet <span style=\"text-decoration: underline;\"><strong><a href=\"https:\/\/camimade.com\/fr\/comment-imprimer-et-utiliser-un-patron-pdf\/\">article de blog<\/a><\/strong><\/span>.<\/p>\n","protected":false},"featured_media":20286,"comment_status":"closed","ping_status":"closed","template":"","meta":[],"product_brand":[],"product_cat":[72,63],"product_tag":[],"class_list":{"0":"post-19330","1":"product","2":"type-product","3":"status-publish","4":"has-post-thumbnail","6":"product_cat-patrons-bas","7":"product_cat-patron-pdf","8":"pa_format-de-patron-patron-pdf","9":"pa_type-de-patron-jupes","11":"first","12":"instock","13":"downloadable","14":"virtual","15":"purchasable","16":"product-type-simple"},"_links":{"self":[{"href":"https:\/\/camimade.com\/fr\/wp-json\/wp\/v2\/product\/19330","targetHints":{"allow":["GET"]}}],"collection":[{"href":"https:\/\/camimade.com\/fr\/wp-json\/wp\/v2\/product"}],"about":[{"href":"https:\/\/camimade.com\/fr\/wp-json\/wp\/v2\/types\/product"}],"replies":[{"embeddable":true,"href":"https:\/\/camimade.com\/fr\/wp-json\/wp\/v2\/comments?post=19330"}],"wp:featuredmedia":[{"embeddable":true,"href":"https:\/\/camimade.com\/fr\/wp-json\/wp\/v2\/media\/20286"}],"wp:attachment":[{"href":"https:\/\/camimade.com\/fr\/wp-json\/wp\/v2\/media?parent=19330"}],"wp:term":[{"taxonomy":"product_brand","embeddable":true,"href":"https:\/\/camimade.com\/fr\/wp-json\/wp\/v2\/product_brand?post=19330"},{"taxonomy":"product_cat","embeddable":true,"href":"https:\/\/camimade.com\/fr\/wp-json\/wp\/v2\/product_cat?post=19330"},{"taxonomy":"product_tag","embeddable":true,"href":"https:\/\/camimade.com\/fr\/wp-json\/wp\/v2\/product_tag?post=19330"}],"curies":[{"name":"wp","href":"https:\/\/api.w.org\/{rel}","templated":true}]}}