{"id":19403,"date":"2022-02-08T15:58:02","date_gmt":"2022-02-08T15:58:02","guid":{"rendered":"https:\/\/camimade.com\/fr\/?post_type=product&#038;p=19403"},"modified":"2025-01-17T17:03:14","modified_gmt":"2025-01-17T17:03:14","slug":"patron-t-shirt-nuage","status":"publish","type":"product","link":"https:\/\/camimade.com\/fr\/boutique\/patron-t-shirt-nuage\/","title":{"rendered":"Patron de t-shirt manches ballon &#8211; NUAGE"},"content":{"rendered":"<h2>Niveau : interm\u00e9diaire<\/h2>\n<p>Les manches sont fronc\u00e9es au niveau de la t\u00eate de manche et du biceps pour obtenir cette forme ballon. Ce patron est fait pour \u00eatre cousu \u00e0 la surjeteuse mais peut \u00e9galement \u00eatre cousu \u00e0 la machine \u00e0 coudre seule. Savoir utiliser une aiguille double est un plus. Si besoin, un glossaire est \u00e9galement disponible en ligne pour vous accompagner dans votre couture :\u00a0<span style=\"text-decoration: underline;\"><strong><a href=\"http:\/\/www.camimade.com\/fr\/glossaire\/\">www.camimade.com\/fr\/glossaire\/<\/a><\/strong><\/span>. <span class=\"Apple-converted-space\">\u00a0<\/span><\/p>\n<h2>Tableau des mesures (cm)<\/h2>\n<p><img loading=\"lazy\" decoding=\"async\" class=\"alignnone wp-image-19434\" src=\"https:\/\/camimade.com\/fr\/wp-content\/uploads\/sites\/2\/2022\/02\/Tableau-des-mesures-Nuage-480x112.png\" alt=\"\" width=\"630\" height=\"147\" srcset=\"https:\/\/camimade.com\/fr\/wp-content\/uploads\/sites\/2\/2022\/02\/Tableau-des-mesures-Nuage-480x112.png 480w, https:\/\/camimade.com\/fr\/wp-content\/uploads\/sites\/2\/2022\/02\/Tableau-des-mesures-Nuage-722x168.png 722w, https:\/\/camimade.com\/fr\/wp-content\/uploads\/sites\/2\/2022\/02\/Tableau-des-mesures-Nuage-768x179.png 768w, https:\/\/camimade.com\/fr\/wp-content\/uploads\/sites\/2\/2022\/02\/Tableau-des-mesures-Nuage-1536x358.png 1536w, https:\/\/camimade.com\/fr\/wp-content\/uploads\/sites\/2\/2022\/02\/Tableau-des-mesures-Nuage-1280x298.png 1280w, https:\/\/camimade.com\/fr\/wp-content\/uploads\/sites\/2\/2022\/02\/Tableau-des-mesures-Nuage-1000x233.png 1000w, https:\/\/camimade.com\/fr\/wp-content\/uploads\/sites\/2\/2022\/02\/Tableau-des-mesures-Nuage-600x140.png 600w, https:\/\/camimade.com\/fr\/wp-content\/uploads\/sites\/2\/2022\/02\/Tableau-des-mesures-Nuage-200x47.png 200w, https:\/\/camimade.com\/fr\/wp-content\/uploads\/sites\/2\/2022\/02\/Tableau-des-mesures-Nuage.png 1859w\" sizes=\"auto, (max-width: 630px) 100vw, 630px\" \/><br \/>\nStature : 1,65m<br \/>\nBonnet B<\/p>\n<h2>Mesures du v\u00eatement fini (cm)<\/h2>\n<p><img loading=\"lazy\" decoding=\"async\" class=\"alignnone wp-image-19432\" src=\"https:\/\/camimade.com\/fr\/wp-content\/uploads\/sites\/2\/2022\/02\/Mesures-du-vetement-fini-Nuage-480x236.png\" alt=\"\" width=\"630\" height=\"310\" srcset=\"https:\/\/camimade.com\/fr\/wp-content\/uploads\/sites\/2\/2022\/02\/Mesures-du-vetement-fini-Nuage-480x236.png 480w, https:\/\/camimade.com\/fr\/wp-content\/uploads\/sites\/2\/2022\/02\/Mesures-du-vetement-fini-Nuage-722x355.png 722w, https:\/\/camimade.com\/fr\/wp-content\/uploads\/sites\/2\/2022\/02\/Mesures-du-vetement-fini-Nuage-768x378.png 768w, https:\/\/camimade.com\/fr\/wp-content\/uploads\/sites\/2\/2022\/02\/Mesures-du-vetement-fini-Nuage-1536x756.png 1536w, https:\/\/camimade.com\/fr\/wp-content\/uploads\/sites\/2\/2022\/02\/Mesures-du-vetement-fini-Nuage-1280x630.png 1280w, https:\/\/camimade.com\/fr\/wp-content\/uploads\/sites\/2\/2022\/02\/Mesures-du-vetement-fini-Nuage-1000x492.png 1000w, https:\/\/camimade.com\/fr\/wp-content\/uploads\/sites\/2\/2022\/02\/Mesures-du-vetement-fini-Nuage-600x295.png 600w, https:\/\/camimade.com\/fr\/wp-content\/uploads\/sites\/2\/2022\/02\/Mesures-du-vetement-fini-Nuage-200x98.png 200w, https:\/\/camimade.com\/fr\/wp-content\/uploads\/sites\/2\/2022\/02\/Mesures-du-vetement-fini-Nuage.png 1859w\" sizes=\"auto, (max-width: 630px) 100vw, 630px\" \/><br \/>\n*Longueur au milieu devant entre l&#8217;encolure et l&#8217;ourlet<\/p>\n<h2>Mes mensurations<\/h2>\n<p>Tour de poitrine 84cm &#8211; tour de taille 68cm &#8211; tour de hanches 91cm &#8211; stature\u00a01,58m. J&#8217;ai cousu tous les mod\u00e8les en taille B.<\/p>\n<h2>Tissu conseill\u00e9s et m\u00e9trages<\/h2>\n<p>Tissu maille l\u00e9ger \u00e0 moyennement l\u00e9ger comme un jersey de coton, avec une \u00e9lasticit\u00e9 de 40-50% (10cm de tissu s\u2019\u00e9tirent jusqu\u2019\u00e0 14-15cm). Pr\u00e9f\u00e9rez un tissu qui reprend bien sa forme initiale apr\u00e8s \u00e9tirement.<span class=\"Apple-converted-space\">\u00a0<\/span><\/p>\n<ul>\n<li><strong>T-shirt manches courtes<\/strong>\n<ul>\n<li>&#8211; En 150cm de large : 0,90m (tailles A-D) ou 1,00m (tailles E-F) ou 1,10m (tailles G-H)<\/li>\n<li>&#8211; En 115cm de large : 1,10m (tailles A-D) ou 1,70m (tailles E-H)<\/li>\n<\/ul>\n<\/li>\n<li><strong>Manches longues<\/strong>\n<ul>\n<li>&#8211; En 150cm de large : 0,90m (tailles A-C) ou 1,20m (tailles D-G) ou 1,50m (taille H)<\/li>\n<li>&#8211; En 115cm de large : 1,50m\u00a0(tailles A-D) ou 1,80m (tailles E-H)<\/li>\n<\/ul>\n<\/li>\n<\/ul>\n<p><strong>Les mod\u00e8les pr\u00e9sent\u00e9s en photo<\/strong><\/p>\n<p>J&#8217;ai cousu les versions camel et cr\u00e8me dans du jersey de coton, achet\u00e9s chez <span style=\"text-decoration: underline;\"><strong><a href=\"https:\/\/www.raystitch.co.uk\">Raystitch<\/a><\/strong><\/span>. J&#8217;ai r\u00e9alis\u00e9 le Nuage vert kaki en jersey de coton et Nuage rose en poly jersey, tous deux achet\u00e9s chez <span style=\"text-decoration: underline;\"><strong><a href=\"https:\/\/www.rainbowfabrics.co.uk\">Rainbow Fabric Kilburn<\/a><\/strong><\/span>.<\/p>\n<h2>Fournitures &amp; outils<\/h2>\n<ul>\n<li>&#8211; Une aiguille jersey et une aiguille double jersey ;<\/li>\n<li>&#8211; Bande d\u2019entoilage \/ droit-fil pour renforcer les \u00e9paules ;<\/li>\n<li>&#8211;\u00a0Bande de biais cha\u00eene et trame d\u2019environ 20-30cm de long sur 2,5cm de large ;<\/li>\n<li>&#8211;\u00a0Pour la version manches longues seulement : bande d\u2019\u00e9lastique transparent de 6mm de large.<\/li>\n<\/ul>\n","protected":false},"excerpt":{"rendered":"<p>Avec ses manches ballon et sa taille ajust\u00e9e, le patron Nuage est une alternative f\u00e9minine au t-shirt basique. Nuage propose deux longueurs de manches ballons (courte et mi-courte) puis une extension pour manches longues. Le patron vous apprendra \u00e0 r\u00e9aliser une finition d&#8217;encolure professionnelle en option. Tr\u00e8s rapide \u00e0 coudre, il vous en faudra plus d&#8217;un dans votre armoire ! Le patron est au format PDF et inclut :<\/p>\n<ul>\n<li>&#8211; le format A4 (15 pages) ;<\/li>\n<li>&#8211; le format A0 (1 page) ;<\/li>\n<li>&#8211; le guide d\u2019instructions pas\u00a0\u00e0 pas avec des illustrations d\u00e9taill\u00e9es et peintes \u00e0 la main (8 pages).<\/li>\n<\/ul>\n<p>Les PDF permettent de s\u00e9lectionner la ou les tailles souhait\u00e9es pour l\u2019impression, gr\u00e2ce \u00e0 l\u2019option \u00ab\u00a0calque\u00a0\u00bb d\u2019Adobe Acrobat Reader. Plus d&#8217;infos sur cet <span style=\"text-decoration: underline;\"><strong><a href=\"https:\/\/camimade.com\/fr\/comment-imprimer-et-utiliser-un-patron-pdf\/\">article de blog<\/a><\/strong><\/span>.<\/p>\n","protected":false},"featured_media":19415,"comment_status":"closed","ping_status":"closed","template":"","meta":[],"product_brand":[],"product_cat":[63,70],"product_tag":[],"class_list":{"0":"post-19403","1":"product","2":"type-product","3":"status-publish","4":"has-post-thumbnail","6":"product_cat-patron-pdf","7":"product_cat-patrons-tops","8":"pa_format-de-patron-patron-pdf","9":"pa_type-de-patron-tops","11":"first","12":"instock","13":"downloadable","14":"virtual","15":"purchasable","16":"product-type-simple"},"_links":{"self":[{"href":"https:\/\/camimade.com\/fr\/wp-json\/wp\/v2\/product\/19403","targetHints":{"allow":["GET"]}}],"collection":[{"href":"https:\/\/camimade.com\/fr\/wp-json\/wp\/v2\/product"}],"about":[{"href":"https:\/\/camimade.com\/fr\/wp-json\/wp\/v2\/types\/product"}],"replies":[{"embeddable":true,"href":"https:\/\/camimade.com\/fr\/wp-json\/wp\/v2\/comments?post=19403"}],"wp:featuredmedia":[{"embeddable":true,"href":"https:\/\/camimade.com\/fr\/wp-json\/wp\/v2\/media\/19415"}],"wp:attachment":[{"href":"https:\/\/camimade.com\/fr\/wp-json\/wp\/v2\/media?parent=19403"}],"wp:term":[{"taxonomy":"product_brand","embeddable":true,"href":"https:\/\/camimade.com\/fr\/wp-json\/wp\/v2\/product_brand?post=19403"},{"taxonomy":"product_cat","embeddable":true,"href":"https:\/\/camimade.com\/fr\/wp-json\/wp\/v2\/product_cat?post=19403"},{"taxonomy":"product_tag","embeddable":true,"href":"https:\/\/camimade.com\/fr\/wp-json\/wp\/v2\/product_tag?post=19403"}],"curies":[{"name":"wp","href":"https:\/\/api.w.org\/{rel}","templated":true}]}}