{"id":19481,"date":"2022-03-18T16:01:41","date_gmt":"2022-03-18T16:01:41","guid":{"rendered":"https:\/\/camimade.com\/fr\/?post_type=product&#038;p=19481"},"modified":"2025-01-17T17:01:45","modified_gmt":"2025-01-17T17:01:45","slug":"patron-de-t-shirt-manches-ballon-nuage-mini","status":"publish","type":"product","link":"https:\/\/camimade.com\/fr\/boutique\/patron-de-t-shirt-manches-ballon-nuage-mini\/","title":{"rendered":"Patron de t-shirt manches ballon &#8211; NUAGE MINI"},"content":{"rendered":"<h2>Niveau : interm\u00e9diaire<\/h2>\n<p>Les manches sont fronc\u00e9es au niveau de la t\u00eate de manche et du biceps pour obtenir cette forme ballon. Ce patron est fait pour \u00eatre cousu \u00e0 la surjeteuse mais peut \u00e9galement \u00eatre cousu uniquement \u00e0 la machine \u00e0 coudre. Savoir utiliser une aiguille double est un plus.\u00a0Retrouvez mes conseils sur la couture des tissus extensibles sur :<strong> <a href=\"http:\/\/www.camimade.com\/fr\/conseils-coudre-tissus-maille\/\">www.camimade.com\/fr\/conseils-coudre-tissus-maille\/<\/a><\/strong><span class=\"Apple-converted-space\">.<\/span><\/p>\n<p>Un glossaire est \u00e9galement disponible en ligne pour vous accompagner dans votre couture :\u00a0<span style=\"text-decoration: underline;\"><strong><a href=\"http:\/\/www.camimade.com\/fr\/glossaire\/\">www.camimade.com\/fr\/glossaire\/<\/a><\/strong><\/span>. <span class=\"Apple-converted-space\">\u00a0<\/span><\/p>\n<h2>Tableau des mesures (cm)<\/h2>\n<p><img loading=\"lazy\" decoding=\"async\" class=\"alignnone wp-image-19497\" src=\"https:\/\/camimade.com\/fr\/wp-content\/uploads\/sites\/2\/2022\/03\/Tableau-des-mesures-Nuage-Mini-480x70.png\" alt=\"\" width=\"630\" height=\"92\" srcset=\"https:\/\/camimade.com\/fr\/wp-content\/uploads\/sites\/2\/2022\/03\/Tableau-des-mesures-Nuage-Mini-480x70.png 480w, https:\/\/camimade.com\/fr\/wp-content\/uploads\/sites\/2\/2022\/03\/Tableau-des-mesures-Nuage-Mini-722x105.png 722w, https:\/\/camimade.com\/fr\/wp-content\/uploads\/sites\/2\/2022\/03\/Tableau-des-mesures-Nuage-Mini-768x112.png 768w, https:\/\/camimade.com\/fr\/wp-content\/uploads\/sites\/2\/2022\/03\/Tableau-des-mesures-Nuage-Mini-1536x224.png 1536w, https:\/\/camimade.com\/fr\/wp-content\/uploads\/sites\/2\/2022\/03\/Tableau-des-mesures-Nuage-Mini-1280x186.png 1280w, https:\/\/camimade.com\/fr\/wp-content\/uploads\/sites\/2\/2022\/03\/Tableau-des-mesures-Nuage-Mini-1000x146.png 1000w, https:\/\/camimade.com\/fr\/wp-content\/uploads\/sites\/2\/2022\/03\/Tableau-des-mesures-Nuage-Mini-600x87.png 600w, https:\/\/camimade.com\/fr\/wp-content\/uploads\/sites\/2\/2022\/03\/Tableau-des-mesures-Nuage-Mini-200x29.png 200w, https:\/\/camimade.com\/fr\/wp-content\/uploads\/sites\/2\/2022\/03\/Tableau-des-mesures-Nuage-Mini.png 1773w\" sizes=\"auto, (max-width: 630px) 100vw, 630px\" \/><\/p>\n<h2>Mesures du v\u00eatement fini (cm)<\/h2>\n<p><img loading=\"lazy\" decoding=\"async\" class=\"alignnone wp-image-19496\" src=\"https:\/\/camimade.com\/fr\/wp-content\/uploads\/sites\/2\/2022\/03\/Mesures-du-vetement-fini-Nuage-Mini-480x137.png\" alt=\"\" width=\"630\" height=\"180\" srcset=\"https:\/\/camimade.com\/fr\/wp-content\/uploads\/sites\/2\/2022\/03\/Mesures-du-vetement-fini-Nuage-Mini-480x137.png 480w, https:\/\/camimade.com\/fr\/wp-content\/uploads\/sites\/2\/2022\/03\/Mesures-du-vetement-fini-Nuage-Mini-722x206.png 722w, https:\/\/camimade.com\/fr\/wp-content\/uploads\/sites\/2\/2022\/03\/Mesures-du-vetement-fini-Nuage-Mini-768x219.png 768w, https:\/\/camimade.com\/fr\/wp-content\/uploads\/sites\/2\/2022\/03\/Mesures-du-vetement-fini-Nuage-Mini-1536x439.png 1536w, https:\/\/camimade.com\/fr\/wp-content\/uploads\/sites\/2\/2022\/03\/Mesures-du-vetement-fini-Nuage-Mini-1280x366.png 1280w, https:\/\/camimade.com\/fr\/wp-content\/uploads\/sites\/2\/2022\/03\/Mesures-du-vetement-fini-Nuage-Mini-1000x286.png 1000w, https:\/\/camimade.com\/fr\/wp-content\/uploads\/sites\/2\/2022\/03\/Mesures-du-vetement-fini-Nuage-Mini-600x171.png 600w, https:\/\/camimade.com\/fr\/wp-content\/uploads\/sites\/2\/2022\/03\/Mesures-du-vetement-fini-Nuage-Mini-200x57.png 200w, https:\/\/camimade.com\/fr\/wp-content\/uploads\/sites\/2\/2022\/03\/Mesures-du-vetement-fini-Nuage-Mini.png 1859w\" sizes=\"auto, (max-width: 630px) 100vw, 630px\" \/><\/p>\n<p>*Longueur au milieu devant entre l&#8217;encolure et l&#8217;ourlet<\/p>\n<h2>Mensurations du mini mod\u00e8le<\/h2>\n<p>Stature 79cm &#8211; Tour de poitrine 47cm. J&#8217;ai cousu tous les mod\u00e8les en taille 18 mois.<\/p>\n<h2>Tissu conseill\u00e9s et m\u00e9trages<\/h2>\n<p>Tissu maille l\u00e9ger \u00e0 moyennement l\u00e9ger comme un jersey de coton, avec une \u00e9lasticit\u00e9 de 30-50% (10cm de tissu s\u2019\u00e9tirent jusqu\u2019\u00e0 13-15cm). Pr\u00e9f\u00e9rez un tissu qui reprend bien sa forme initiale apr\u00e8s \u00e9tirement.<span class=\"Apple-converted-space\">\u00a0<\/span><\/p>\n<ul>\n<li>En 150cm de large : 50cm (toutes tailles)<\/li>\n<li>En 115cm de large : 50cm (de 3 \u00e0 9mois) ou 65cm (de 12 \u00e0 36mois)<\/li>\n<\/ul>\n<p><strong>Les mod\u00e8les pr\u00e9sent\u00e9s en photo<\/strong><\/p>\n<p>J&#8217;ai cousu les deux versions en jersey de coton organique achet\u00e9 chez <a href=\"https:\/\/www.selfmade.com\/nl-nl\/fabrics\/jersey\"><strong>Stoff &amp; Stil<\/strong><\/a>.<\/p>\n<h2>Fournitures &amp; outils<\/h2>\n<ul>\n<li>&#8211; Une aiguille jersey et une aiguille double pour jersey ;<\/li>\n<li>&#8211; De l&#8217;entoilage pour renforcer les \u00e9paules ;<\/li>\n<li>&#8211; 2 boutons pressions ;<\/li>\n<li>&#8211; Une bande de biais cha\u00eene et trame d\u2019environ 15-20cm de long sur 2,5cm de large ;<\/li>\n<li>&#8211;\u00a0Pour la version manches longues seulement : de la bande \u00e9lastique transparente de 6mm de large.<\/li>\n<\/ul>\n","protected":false},"excerpt":{"rendered":"<p>Nuage Mini est un t-shirt avec une coupe simple et des manches ballon. Il propose deux longueurs de manche au choix, courte ou longue. Il est compl\u00e8tement adapt\u00e9 aux b\u00e9b\u00e9s avec une \u00e9paule qui s\u2019ouvre par des boutons pressions afin de faciliter le passage de la t\u00eate. Tr\u00e8s rapide \u00e0 coudre, et plut\u00f4t mignon, vous voudrez en coudre un par \u00e2ge pour vos bouts de choux !<\/p>\n<p>Le patron est au <strong>format PDF<\/strong> et inclut :<\/p>\n<ul>\n<li>&#8211; le format A4 (9 pages) ;<\/li>\n<li>&#8211; le format A0 (1 page) ;<\/li>\n<li>&#8211; le guide d\u2019instructions pas\u00a0\u00e0 pas avec des illustrations d\u00e9taill\u00e9es (7 pages).<\/li>\n<\/ul>\n<p>Les PDF permettent de s\u00e9lectionner la ou les tailles souhait\u00e9es pour l\u2019impression, gr\u00e2ce \u00e0 l\u2019option \u00ab\u00a0calque\u00a0\u00bb d\u2019Adobe Acrobat Reader. Plus d&#8217;infos sur cet <span style=\"text-decoration: underline;\"><strong><a href=\"https:\/\/camimade.com\/fr\/comment-imprimer-et-utiliser-un-patron-pdf\/\">article de blog<\/a><\/strong><\/span>.<\/p>\n","protected":false},"featured_media":19878,"comment_status":"closed","ping_status":"closed","template":"","meta":[],"product_brand":[],"product_cat":[63,70],"product_tag":[],"class_list":{"0":"post-19481","1":"product","2":"type-product","3":"status-publish","4":"has-post-thumbnail","6":"product_cat-patron-pdf","7":"product_cat-patrons-tops","8":"pa_format-de-patron-patron-pdf","9":"pa_type-de-patron-tops","11":"first","12":"instock","13":"downloadable","14":"virtual","15":"purchasable","16":"product-type-simple"},"_links":{"self":[{"href":"https:\/\/camimade.com\/fr\/wp-json\/wp\/v2\/product\/19481","targetHints":{"allow":["GET"]}}],"collection":[{"href":"https:\/\/camimade.com\/fr\/wp-json\/wp\/v2\/product"}],"about":[{"href":"https:\/\/camimade.com\/fr\/wp-json\/wp\/v2\/types\/product"}],"replies":[{"embeddable":true,"href":"https:\/\/camimade.com\/fr\/wp-json\/wp\/v2\/comments?post=19481"}],"wp:featuredmedia":[{"embeddable":true,"href":"https:\/\/camimade.com\/fr\/wp-json\/wp\/v2\/media\/19878"}],"wp:attachment":[{"href":"https:\/\/camimade.com\/fr\/wp-json\/wp\/v2\/media?parent=19481"}],"wp:term":[{"taxonomy":"product_brand","embeddable":true,"href":"https:\/\/camimade.com\/fr\/wp-json\/wp\/v2\/product_brand?post=19481"},{"taxonomy":"product_cat","embeddable":true,"href":"https:\/\/camimade.com\/fr\/wp-json\/wp\/v2\/product_cat?post=19481"},{"taxonomy":"product_tag","embeddable":true,"href":"https:\/\/camimade.com\/fr\/wp-json\/wp\/v2\/product_tag?post=19481"}],"curies":[{"name":"wp","href":"https:\/\/api.w.org\/{rel}","templated":true}]}}