{"id":19918,"date":"2023-02-28T15:57:16","date_gmt":"2023-02-28T15:57:16","guid":{"rendered":"https:\/\/camimade.com\/fr\/?post_type=product&#038;p=19918"},"modified":"2025-01-17T17:00:33","modified_gmt":"2025-01-17T17:00:33","slug":"patron-de-sous-pull-col-cheminee","status":"publish","type":"product","link":"https:\/\/camimade.com\/fr\/boutique\/patron-de-sous-pull-col-cheminee\/","title":{"rendered":"Patron de sous pull col chemin\u00e9e &#8211; VAGUE"},"content":{"rendered":"<h2>Niveau : interm\u00e9diaire<\/h2>\n<p>Con\u00e7u pour \u00eatre cousu \u00e0 la surjeteuse avec une marge de couture de 7mm, Vague peut \u00e9galement \u00eatre cousu \u00e0 la machine \u00e0 coudre classique. Savoir utiliser une aiguille double est un plus pour faire les ourlets. La d\u00e9coupe ondul\u00e9e est la partie la plus d\u00e9licate \u00e0 coudre.<\/p>\n<p>Voici quelques conseils pour coudre les tissus maille rassembl\u00e9s dans un article de blog : <a href=\"http:\/\/www.camimade.com\/fr\/blog\/conseils-coudre-maille\/\">www.camimade.com\/fr\/blog\/conseils-coudre-maille\/<\/a>.<\/p>\n<p>Si besoin, un glossaire est \u00e9galement disponible en ligne pour vous accompagner dans votre couture :\u00a0<span style=\"text-decoration: underline;\"><strong><a href=\"http:\/\/www.camimade.com\/fr\/glossaire\/\">www.camimade.com\/fr\/glossaire\/<\/a><\/strong><\/span>.<\/p>\n<h2>Tableau des mesures (cm)<\/h2>\n<p><img loading=\"lazy\" decoding=\"async\" class=\"alignnone wp-image-19922\" src=\"https:\/\/camimade.com\/fr\/wp-content\/uploads\/sites\/2\/2023\/02\/Tableau-des-mesures-Vague-480x90.png\" alt=\"\" width=\"630\" height=\"119\" srcset=\"https:\/\/camimade.com\/fr\/wp-content\/uploads\/sites\/2\/2023\/02\/Tableau-des-mesures-Vague-480x90.png 480w, https:\/\/camimade.com\/fr\/wp-content\/uploads\/sites\/2\/2023\/02\/Tableau-des-mesures-Vague-722x136.png 722w, https:\/\/camimade.com\/fr\/wp-content\/uploads\/sites\/2\/2023\/02\/Tableau-des-mesures-Vague-768x145.png 768w, https:\/\/camimade.com\/fr\/wp-content\/uploads\/sites\/2\/2023\/02\/Tableau-des-mesures-Vague-1536x289.png 1536w, https:\/\/camimade.com\/fr\/wp-content\/uploads\/sites\/2\/2023\/02\/Tableau-des-mesures-Vague-1280x241.png 1280w, https:\/\/camimade.com\/fr\/wp-content\/uploads\/sites\/2\/2023\/02\/Tableau-des-mesures-Vague-1000x188.png 1000w, https:\/\/camimade.com\/fr\/wp-content\/uploads\/sites\/2\/2023\/02\/Tableau-des-mesures-Vague-600x113.png 600w, https:\/\/camimade.com\/fr\/wp-content\/uploads\/sites\/2\/2023\/02\/Tableau-des-mesures-Vague-200x38.png 200w, https:\/\/camimade.com\/fr\/wp-content\/uploads\/sites\/2\/2023\/02\/Tableau-des-mesures-Vague.png 1859w\" sizes=\"auto, (max-width: 630px) 100vw, 630px\" \/><br \/>\nStature : 1,65m<br \/>\nBonnet B<\/p>\n<h2>Mesures du v\u00eatement fini (cm)<\/h2>\n<p><img loading=\"lazy\" decoding=\"async\" class=\"alignnone wp-image-19977\" src=\"https:\/\/camimade.com\/fr\/wp-content\/uploads\/sites\/2\/2023\/02\/Mesures-du-vetement-fini-Vague-1-480x111.png\" alt=\"\" width=\"630\" height=\"146\" srcset=\"https:\/\/camimade.com\/fr\/wp-content\/uploads\/sites\/2\/2023\/02\/Mesures-du-vetement-fini-Vague-1-480x111.png 480w, https:\/\/camimade.com\/fr\/wp-content\/uploads\/sites\/2\/2023\/02\/Mesures-du-vetement-fini-Vague-1-722x167.png 722w, https:\/\/camimade.com\/fr\/wp-content\/uploads\/sites\/2\/2023\/02\/Mesures-du-vetement-fini-Vague-1-768x178.png 768w, https:\/\/camimade.com\/fr\/wp-content\/uploads\/sites\/2\/2023\/02\/Mesures-du-vetement-fini-Vague-1-1536x355.png 1536w, https:\/\/camimade.com\/fr\/wp-content\/uploads\/sites\/2\/2023\/02\/Mesures-du-vetement-fini-Vague-1-1280x296.png 1280w, https:\/\/camimade.com\/fr\/wp-content\/uploads\/sites\/2\/2023\/02\/Mesures-du-vetement-fini-Vague-1-1000x231.png 1000w, https:\/\/camimade.com\/fr\/wp-content\/uploads\/sites\/2\/2023\/02\/Mesures-du-vetement-fini-Vague-1-600x139.png 600w, https:\/\/camimade.com\/fr\/wp-content\/uploads\/sites\/2\/2023\/02\/Mesures-du-vetement-fini-Vague-1-200x46.png 200w, https:\/\/camimade.com\/fr\/wp-content\/uploads\/sites\/2\/2023\/02\/Mesures-du-vetement-fini-Vague-1.png 1859w\" sizes=\"auto, (max-width: 630px) 100vw, 630px\" \/><br \/>\n*Longueur au milieu devant entre la base de l&#8217;encolure et l&#8217;ourlet<\/p>\n<h2>Mes mensurations<\/h2>\n<p>Tour de poitrine 84cm &#8211; tour de taille 69cm &#8211; tour de hanches 92cm &#8211; stature\u00a01,58m. J&#8217;ai cousu tous les mod\u00e8les en taille B.<\/p>\n<h2>Tissu conseill\u00e9s et m\u00e9trages<\/h2>\n<p>Tissu maille l\u00e9ger \u00e0 moyennement l\u00e9ger comme un jersey de coton ou une maille sweatshirt, avec une \u00e9lasticit\u00e9 de 40-50% (10cm de tissu s\u2019\u00e9tirent jusqu\u2019\u00e0 14-15cm). Pr\u00e9f\u00e9rez un tissu qui reprend bien sa forme initiale apr\u00e8s \u00e9tirement.<span class=\"Apple-converted-space\">\u00a0<\/span><\/p>\n<p><img loading=\"lazy\" decoding=\"async\" class=\"alignnone wp-image-19921\" src=\"https:\/\/camimade.com\/fr\/wp-content\/uploads\/sites\/2\/2023\/02\/Metrages-Vague-480x66.png\" alt=\"\" width=\"630\" height=\"86\" srcset=\"https:\/\/camimade.com\/fr\/wp-content\/uploads\/sites\/2\/2023\/02\/Metrages-Vague-480x66.png 480w, https:\/\/camimade.com\/fr\/wp-content\/uploads\/sites\/2\/2023\/02\/Metrages-Vague-722x99.png 722w, https:\/\/camimade.com\/fr\/wp-content\/uploads\/sites\/2\/2023\/02\/Metrages-Vague-768x105.png 768w, https:\/\/camimade.com\/fr\/wp-content\/uploads\/sites\/2\/2023\/02\/Metrages-Vague-1536x211.png 1536w, https:\/\/camimade.com\/fr\/wp-content\/uploads\/sites\/2\/2023\/02\/Metrages-Vague-1280x176.png 1280w, https:\/\/camimade.com\/fr\/wp-content\/uploads\/sites\/2\/2023\/02\/Metrages-Vague-1000x137.png 1000w, https:\/\/camimade.com\/fr\/wp-content\/uploads\/sites\/2\/2023\/02\/Metrages-Vague-600x82.png 600w, https:\/\/camimade.com\/fr\/wp-content\/uploads\/sites\/2\/2023\/02\/Metrages-Vague-200x27.png 200w, https:\/\/camimade.com\/fr\/wp-content\/uploads\/sites\/2\/2023\/02\/Metrages-Vague.png 1859w\" sizes=\"auto, (max-width: 630px) 100vw, 630px\" \/><\/p>\n<p><strong>Les mod\u00e8les pr\u00e9sent\u00e9s en photo<\/strong><\/p>\n<p>J&#8217;ai cousu la version bicolore rose et rouge ainsi que la version violette dans du jersey de coton Mind The Maker. La version \u00e0\u00a0carreaux noirs et blancs est en jersey viscose et la version rose est en maille polyester : ces deux tissus viennent de chez \u00a0<span style=\"text-decoration: underline;\"><strong><a href=\"https:\/\/www.rainbowfabrics.co.uk\">Rainbow Fabric Kilburn<\/a><\/strong><\/span>.<\/p>\n<h2>Fournitures &amp; outils<\/h2>\n<ul>\n<li>&#8211; Une aiguille jersey et une aiguille double jersey ;<\/li>\n<li>&#8211; Bande d\u2019entoilage \/ droit-fil pour renforcer les \u00e9paules (30cm).<\/li>\n<\/ul>\n","protected":false},"excerpt":{"rendered":"<p>Vague est un patron de sous pull avec un col chemin\u00e9e, des manches chauves-souris et une superbe d\u00e9coupe qui ondule au dessus de la poitrine et tout autour des \u00e9paules. Sa coupe est l\u00e9g\u00e8rement ajust\u00e9e \u00e0 la taille mais tout \u00e0 fait confortable car il se coud en maille. Ce sous pull peut vous accompagner pendant tout l\u2019automne et l\u2019hiver, et se combine facilement avec tout le reste de la garde-robe : pantalons, gilets, robes et jupes. Sa d\u00e9coupe originale permet de faire des associations de couleurs (\u201ccolour blocking\u201d) et on peut aussi l\u2019imaginer port\u00e9 avec les coutures visibles sur l\u2019endroit. Tr\u00e8s rapide \u00e0 coudre, vous aurez un nouveau sous pull en moins d\u2019une demi journ\u00e9e.<span class=\"Apple-converted-space\">\u00a0<\/span><\/p>\n<p>Le patron est au format PDF et inclut :<\/p>\n<ul>\n<li>le format A4 (16 pages) ;<\/li>\n<li>le format A0 (1 page) ;<\/li>\n<li>le guide d\u2019instructions pas\u00a0\u00e0 pas avec des illustrations d\u00e9taill\u00e9es et peintes \u00e0 la main (8 pages).<\/li>\n<\/ul>\n<p>Les PDF permettent de s\u00e9lectionner la ou les tailles souhait\u00e9es pour l\u2019impression, gr\u00e2ce \u00e0 l\u2019option \u00ab\u00a0calque\u00a0\u00bb d\u2019Adobe Acrobat Reader. Plus d&#8217;infos sur cet <span style=\"text-decoration: underline;\"><strong><a href=\"https:\/\/camimade.com\/fr\/comment-imprimer-et-utiliser-un-patron-pdf\/\">article de blog<\/a><\/strong><\/span>.<\/p>\n","protected":false},"featured_media":19948,"comment_status":"closed","ping_status":"closed","template":"","meta":[],"product_brand":[],"product_cat":[63,70],"product_tag":[],"class_list":{"0":"post-19918","1":"product","2":"type-product","3":"status-publish","4":"has-post-thumbnail","6":"product_cat-patron-pdf","7":"product_cat-patrons-tops","8":"pa_format-de-patron-patron-pdf","9":"pa_type-de-patron-tops","11":"first","12":"instock","13":"downloadable","14":"virtual","15":"purchasable","16":"product-type-simple"},"_links":{"self":[{"href":"https:\/\/camimade.com\/fr\/wp-json\/wp\/v2\/product\/19918","targetHints":{"allow":["GET"]}}],"collection":[{"href":"https:\/\/camimade.com\/fr\/wp-json\/wp\/v2\/product"}],"about":[{"href":"https:\/\/camimade.com\/fr\/wp-json\/wp\/v2\/types\/product"}],"replies":[{"embeddable":true,"href":"https:\/\/camimade.com\/fr\/wp-json\/wp\/v2\/comments?post=19918"}],"wp:featuredmedia":[{"embeddable":true,"href":"https:\/\/camimade.com\/fr\/wp-json\/wp\/v2\/media\/19948"}],"wp:attachment":[{"href":"https:\/\/camimade.com\/fr\/wp-json\/wp\/v2\/media?parent=19918"}],"wp:term":[{"taxonomy":"product_brand","embeddable":true,"href":"https:\/\/camimade.com\/fr\/wp-json\/wp\/v2\/product_brand?post=19918"},{"taxonomy":"product_cat","embeddable":true,"href":"https:\/\/camimade.com\/fr\/wp-json\/wp\/v2\/product_cat?post=19918"},{"taxonomy":"product_tag","embeddable":true,"href":"https:\/\/camimade.com\/fr\/wp-json\/wp\/v2\/product_tag?post=19918"}],"curies":[{"name":"wp","href":"https:\/\/api.w.org\/{rel}","templated":true}]}}