{"id":20217,"date":"2023-09-11T07:56:12","date_gmt":"2023-09-11T07:56:12","guid":{"rendered":"https:\/\/camimade.com\/fr\/?post_type=product&#038;p=20217"},"modified":"2025-01-17T16:50:08","modified_gmt":"2025-01-17T16:50:08","slug":"patron-de-veste-matelassee-quiltee-portefeuille","status":"publish","type":"product","link":"https:\/\/camimade.com\/fr\/boutique\/patron-de-veste-matelassee-quiltee-portefeuille\/","title":{"rendered":"Patron de veste matelass\u00e9e portefeuille &#8211; COQUILLAGE"},"content":{"rendered":"<h2>Niveau : interm\u00e9diaire<\/h2>\n<p>Le patron Coquillage propose des finitions au biais \u00e0 l&#8217;int\u00e9rieur comme \u00e0 l&#8217;ext\u00e9rieur de la veste et diff\u00e9rentes poches pour tous les niveaux (les poches passepoil\u00e9es \u00e9tant d&#8217;un niveau plus avanc\u00e9 que les poches plaqu\u00e9es). Le patron vous explique \u00e9galement comment matelasser (quilter) votre propre tissu. Un glossaire est disponible en ligne pour vous accompagner dans votre couture : <span style=\"text-decoration: underline;\"><strong><a href=\"http:\/\/www.camimade.com\/fr\/glossaire\/\">www.camimade.com\/fr\/glossaire\/<\/a><\/strong><\/span>.<\/p>\n<h2>Tableau des mesures (cm)<\/h2>\n<p><img loading=\"lazy\" decoding=\"async\" class=\"alignnone wp-image-20227\" src=\"https:\/\/camimade.com\/fr\/wp-content\/uploads\/sites\/2\/2023\/09\/Tableau-des-mesures-Coquillage-480x92.png\" alt=\"\" width=\"630\" height=\"120\" srcset=\"https:\/\/camimade.com\/fr\/wp-content\/uploads\/sites\/2\/2023\/09\/Tableau-des-mesures-Coquillage-480x92.png 480w, https:\/\/camimade.com\/fr\/wp-content\/uploads\/sites\/2\/2023\/09\/Tableau-des-mesures-Coquillage-722x138.png 722w, https:\/\/camimade.com\/fr\/wp-content\/uploads\/sites\/2\/2023\/09\/Tableau-des-mesures-Coquillage-768x147.png 768w, https:\/\/camimade.com\/fr\/wp-content\/uploads\/sites\/2\/2023\/09\/Tableau-des-mesures-Coquillage-1536x293.png 1536w, https:\/\/camimade.com\/fr\/wp-content\/uploads\/sites\/2\/2023\/09\/Tableau-des-mesures-Coquillage-1280x244.png 1280w, https:\/\/camimade.com\/fr\/wp-content\/uploads\/sites\/2\/2023\/09\/Tableau-des-mesures-Coquillage-1000x191.png 1000w, https:\/\/camimade.com\/fr\/wp-content\/uploads\/sites\/2\/2023\/09\/Tableau-des-mesures-Coquillage-600x115.png 600w, https:\/\/camimade.com\/fr\/wp-content\/uploads\/sites\/2\/2023\/09\/Tableau-des-mesures-Coquillage-200x38.png 200w, https:\/\/camimade.com\/fr\/wp-content\/uploads\/sites\/2\/2023\/09\/Tableau-des-mesures-Coquillage.png 1859w\" sizes=\"auto, (max-width: 630px) 100vw, 630px\" \/> Stature : 1,65 m Bonnet B<\/p>\n<h2>Mesures du v\u00eatement fini (cm)<\/h2>\n<p><img loading=\"lazy\" decoding=\"async\" class=\"alignnone wp-image-20225\" src=\"https:\/\/camimade.com\/fr\/wp-content\/uploads\/sites\/2\/2023\/09\/Mesure-vetement-fini-Coquillage-480x151.png\" alt=\"\" width=\"630\" height=\"198\" srcset=\"https:\/\/camimade.com\/fr\/wp-content\/uploads\/sites\/2\/2023\/09\/Mesure-vetement-fini-Coquillage-480x151.png 480w, https:\/\/camimade.com\/fr\/wp-content\/uploads\/sites\/2\/2023\/09\/Mesure-vetement-fini-Coquillage-722x226.png 722w, https:\/\/camimade.com\/fr\/wp-content\/uploads\/sites\/2\/2023\/09\/Mesure-vetement-fini-Coquillage-768x241.png 768w, https:\/\/camimade.com\/fr\/wp-content\/uploads\/sites\/2\/2023\/09\/Mesure-vetement-fini-Coquillage-1536x482.png 1536w, https:\/\/camimade.com\/fr\/wp-content\/uploads\/sites\/2\/2023\/09\/Mesure-vetement-fini-Coquillage-1280x401.png 1280w, https:\/\/camimade.com\/fr\/wp-content\/uploads\/sites\/2\/2023\/09\/Mesure-vetement-fini-Coquillage-1000x314.png 1000w, https:\/\/camimade.com\/fr\/wp-content\/uploads\/sites\/2\/2023\/09\/Mesure-vetement-fini-Coquillage-600x188.png 600w, https:\/\/camimade.com\/fr\/wp-content\/uploads\/sites\/2\/2023\/09\/Mesure-vetement-fini-Coquillage-200x63.png 200w, https:\/\/camimade.com\/fr\/wp-content\/uploads\/sites\/2\/2023\/09\/Mesure-vetement-fini-Coquillage.png 1859w\" sizes=\"auto, (max-width: 630px) 100vw, 630px\" \/> *Longueur entre l&#8217;\u00e9paule et le bas de la veste <strong>Mes mensurations sur les photos<\/strong> Tour de poitrine 84 cm &#8211; tour de taille 69 cm &#8211; tour de hanches 92 cm &#8211; stature 1,58 m. J&#8217;ai cousu tous les mod\u00e8les en taille B. Le mod\u00e8le cousu en patchwork est l\u00e9g\u00e8rement plus grand que les deux autres sur les panneaux devant (c&#8217;\u00e9tait la premi\u00e8re version du patron).<\/p>\n<h2>Tissu conseill\u00e9s et m\u00e9trages<\/h2>\n<p>Patron id\u00e9al pour les tissus matelass\u00e9s. Choisissez un tissu d\u00e9j\u00e0 matelass\u00e9 ou matelassez-le vous-m\u00eame pour une veste totalement unique. Si vous choisissez de r\u00e9aliser votre propre matelassage ou quilting, vous aurez besoin des m\u00e9trages ci-dessous pour chacune des 3 \u00e9paisseurs du matelassage (tissu visible, molleton et doublure). <img loading=\"lazy\" decoding=\"async\" class=\"alignnone wp-image-20226\" src=\"https:\/\/camimade.com\/fr\/wp-content\/uploads\/sites\/2\/2023\/09\/Metrages-tissus-Coquillage-480x102.png\" alt=\"\" width=\"630\" height=\"133\" srcset=\"https:\/\/camimade.com\/fr\/wp-content\/uploads\/sites\/2\/2023\/09\/Metrages-tissus-Coquillage-480x102.png 480w, https:\/\/camimade.com\/fr\/wp-content\/uploads\/sites\/2\/2023\/09\/Metrages-tissus-Coquillage-722x153.png 722w, https:\/\/camimade.com\/fr\/wp-content\/uploads\/sites\/2\/2023\/09\/Metrages-tissus-Coquillage-768x162.png 768w, https:\/\/camimade.com\/fr\/wp-content\/uploads\/sites\/2\/2023\/09\/Metrages-tissus-Coquillage-1536x325.png 1536w, https:\/\/camimade.com\/fr\/wp-content\/uploads\/sites\/2\/2023\/09\/Metrages-tissus-Coquillage-1280x271.png 1280w, https:\/\/camimade.com\/fr\/wp-content\/uploads\/sites\/2\/2023\/09\/Metrages-tissus-Coquillage-1000x212.png 1000w, https:\/\/camimade.com\/fr\/wp-content\/uploads\/sites\/2\/2023\/09\/Metrages-tissus-Coquillage-600x127.png 600w, https:\/\/camimade.com\/fr\/wp-content\/uploads\/sites\/2\/2023\/09\/Metrages-tissus-Coquillage-200x42.png 200w, https:\/\/camimade.com\/fr\/wp-content\/uploads\/sites\/2\/2023\/09\/Metrages-tissus-Coquillage.png 1957w\" sizes=\"auto, (max-width: 630px) 100vw, 630px\" \/> <strong>Les mod\u00e8les pr\u00e9sent\u00e9s en photo<\/strong> J&#8217;ai cousu la veste longue bleu marine (version C) dans un tissu jacquard doubl\u00e9 (faux matelass\u00e9) de chez <a href=\"https:\/\/merchantandmills.com\/uk\/quink-jacquard-square\" target=\"_blank\" rel=\"noopener\">Merchant &amp; Mills<\/a>. J&#8217;ai r\u00e9alis\u00e9 la veste violette (version A) dans un tissu matelass\u00e9 &#8220;Thelma Thermal Quilt&#8221; de <a href=\"https:\/\/www.mindthemaker.com\/quilt\" target=\"_blank\" rel=\"noopener\">Mind The Maker<\/a>. Pour la veste patchwork (version A avec poches passepoil\u00e9es), j&#8217;ai cousu le patchwork en utilisant uniquement des chutes de tissus, et matelass\u00e9 le tout moi-m\u00eame avec une doublure en coton et un molleton 100% coton.<\/p>\n<h2>Fournitures &amp; outils<\/h2>\n<ul>\n<li>&#8211; Si vous matelassez votre tissu : molleton en coton ou mix coton &amp; polyester (m\u00eame quantit\u00e9 que le tissu) et pied de biche \u00e0 double entra\u00eenement recommand\u00e9 si vous quiltez \u00e0 la machine<\/li>\n<li>&#8211; Pour la version C : \u00e9lastique plat de 1-2 cm de large x tour de taille + 30 cm de long<\/li>\n<li>&#8211; Si vous faites des poches passepoil\u00e9es : entoilage de la m\u00eame \u00e9paisseur que le tissu des passepoils<\/li>\n<li>&#8211; Biais pr\u00e9form\u00e9 de 2,5 cm de large (5 cm d\u00e9pli\u00e9)<\/li>\n<li>&#8211; Ou si vous faites votre biais : tissu suppl\u00e9mentaire et appareil \u00e0 biais recommand\u00e9<span class=\"Apple-converted-space\">\u00a0<\/span><\/li>\n<\/ul>\n<p><strong>Voici les longueurs de biais n\u00e9cessaire (m)<\/strong> <img loading=\"lazy\" decoding=\"async\" class=\"alignnone wp-image-20224\" src=\"https:\/\/camimade.com\/fr\/wp-content\/uploads\/sites\/2\/2023\/09\/Longueur-de-biais-Coquillage-480x86.png\" alt=\"\" width=\"630\" height=\"113\" srcset=\"https:\/\/camimade.com\/fr\/wp-content\/uploads\/sites\/2\/2023\/09\/Longueur-de-biais-Coquillage-480x86.png 480w, https:\/\/camimade.com\/fr\/wp-content\/uploads\/sites\/2\/2023\/09\/Longueur-de-biais-Coquillage-722x129.png 722w, https:\/\/camimade.com\/fr\/wp-content\/uploads\/sites\/2\/2023\/09\/Longueur-de-biais-Coquillage-768x137.png 768w, https:\/\/camimade.com\/fr\/wp-content\/uploads\/sites\/2\/2023\/09\/Longueur-de-biais-Coquillage-1536x274.png 1536w, https:\/\/camimade.com\/fr\/wp-content\/uploads\/sites\/2\/2023\/09\/Longueur-de-biais-Coquillage-1280x229.png 1280w, https:\/\/camimade.com\/fr\/wp-content\/uploads\/sites\/2\/2023\/09\/Longueur-de-biais-Coquillage-1000x179.png 1000w, https:\/\/camimade.com\/fr\/wp-content\/uploads\/sites\/2\/2023\/09\/Longueur-de-biais-Coquillage-600x107.png 600w, https:\/\/camimade.com\/fr\/wp-content\/uploads\/sites\/2\/2023\/09\/Longueur-de-biais-Coquillage-200x36.png 200w, https:\/\/camimade.com\/fr\/wp-content\/uploads\/sites\/2\/2023\/09\/Longueur-de-biais-Coquillage.png 1859w\" sizes=\"auto, (max-width: 630px) 100vw, 630px\" \/><\/p>\n","protected":false},"excerpt":{"rendered":"<p>Coquillage est une veste portefeuille id\u00e9ale pour la demi-saison. Con\u00e7ue comme une v\u00e9ritable enveloppe douillette, elle est \u00e0 r\u00e9aliser en tissu matelass\u00e9. Choisissez un tissu d\u00e9j\u00e0 matelass\u00e9 ou matelassez-le vous-m\u00eame pour une veste totalement unique. Le patron propose quatre versions mais avec deux encolures possibles, deux longueurs, une coulisse en option pour resserrer la taille, et diff\u00e9rentes poches, les combinaisons sont nombreuses. Vous avez en effet le choix entre des poches plaqu\u00e9es (deux styles possibles) et des poches passepoil\u00e9es, en fonction de votre niveau et\/ou de votre pr\u00e9f\u00e9rence. Le patron est au format PDF et inclut :<\/p>\n<ul>\n<li>le format A4 (25 pages) ;<\/li>\n<li>le format A0 (2 pages) ;<\/li>\n<li>le guide d\u2019instructions pas \u00e0 pas avec des illustrations d\u00e9taill\u00e9es (12 pages).<\/li>\n<\/ul>\n<p>Les PDF permettent de s\u00e9lectionner la ou les tailles souhait\u00e9es pour l\u2019impression, gr\u00e2ce \u00e0 l\u2019option \u00ab\u00a0calque\u00a0\u00bb d\u2019Adobe Acrobat Reader. Plus d&#8217;infos sur cet <span style=\"text-decoration: underline;\"><a href=\"https:\/\/camimade.com\/fr\/comment-imprimer-et-utiliser-un-patron-pdf\/\" target=\"_blank\" rel=\"noopener\">article de blog<\/a><\/span>.<\/p>\n","protected":false},"featured_media":20239,"comment_status":"closed","ping_status":"closed","template":"","meta":[],"product_brand":[],"product_cat":[63,70],"product_tag":[],"class_list":{"0":"post-20217","1":"product","2":"type-product","3":"status-publish","4":"has-post-thumbnail","6":"product_cat-patron-pdf","7":"product_cat-patrons-tops","8":"pa_format-de-patron-patron-pdf","9":"pa_type-de-patron-robes","10":"pa_type-de-patron-tops","12":"first","13":"instock","14":"downloadable","15":"virtual","16":"purchasable","17":"product-type-simple"},"_links":{"self":[{"href":"https:\/\/camimade.com\/fr\/wp-json\/wp\/v2\/product\/20217","targetHints":{"allow":["GET"]}}],"collection":[{"href":"https:\/\/camimade.com\/fr\/wp-json\/wp\/v2\/product"}],"about":[{"href":"https:\/\/camimade.com\/fr\/wp-json\/wp\/v2\/types\/product"}],"replies":[{"embeddable":true,"href":"https:\/\/camimade.com\/fr\/wp-json\/wp\/v2\/comments?post=20217"}],"wp:featuredmedia":[{"embeddable":true,"href":"https:\/\/camimade.com\/fr\/wp-json\/wp\/v2\/media\/20239"}],"wp:attachment":[{"href":"https:\/\/camimade.com\/fr\/wp-json\/wp\/v2\/media?parent=20217"}],"wp:term":[{"taxonomy":"product_brand","embeddable":true,"href":"https:\/\/camimade.com\/fr\/wp-json\/wp\/v2\/product_brand?post=20217"},{"taxonomy":"product_cat","embeddable":true,"href":"https:\/\/camimade.com\/fr\/wp-json\/wp\/v2\/product_cat?post=20217"},{"taxonomy":"product_tag","embeddable":true,"href":"https:\/\/camimade.com\/fr\/wp-json\/wp\/v2\/product_tag?post=20217"}],"curies":[{"name":"wp","href":"https:\/\/api.w.org\/{rel}","templated":true}]}}